{"id":29118,"date":"2017-02-16T09:13:19","date_gmt":"2017-02-16T08:13:19","guid":{"rendered":"https:\/\/prod.djoglobal.ch\/startseite\/"},"modified":"2025-07-28T15:35:56","modified_gmt":"2025-07-28T13:35:56","slug":"startseite","status":"publish","type":"page","link":"https:\/\/djoglobal.ch\/de\/","title":{"rendered":"Startseite"},"content":{"rendered":"\n<div class=\"slider-wrapper relative\" id=\"slider-1279026123\" >\n    <div class=\"slider slider-nav-circle slider-nav-large slider-nav-light slider-style-normal\"\n        data-flickity-options='{\n            \"cellAlign\": \"center\",\n            \"imagesLoaded\": true,\n            \"lazyLoad\": 1,\n            \"freeScroll\": false,\n            \"wrapAround\": true,\n            \"autoPlay\": 6000,\n            \"pauseAutoPlayOnHover\" : true,\n            \"prevNextButtons\": true,\n            \"contain\" : true,\n            \"adaptiveHeight\" : true,\n            \"dragThreshold\" : 10,\n            \"percentPosition\": true,\n            \"pageDots\": true,\n            \"rightToLeft\": false,\n            \"draggable\": true,\n            \"selectedAttraction\": 0.1,\n            \"parallax\" : 0,\n            \"friction\": 0.6        }'\n        >\n        \n\n\n  <div class=\"banner has-hover\" id=\"banner-1240332054\">\n          <div class=\"banner-inner fill\">\n        <div class=\"banner-bg fill\" >\n            <div class=\"bg fill bg-fill \"><\/div>\n                                    \n                    <\/div>\n\t\t\n        <div class=\"banner-layers container\">\n            <div class=\"fill banner-link\"><\/div>            \n\n   <div id=\"text-box-1417049662\" class=\"text-box banner-layer x0 md-x0 lg-x0 y50 md-y50 lg-y50 res-text\">\n                                <div class=\"text-box-content text dark\">\n              \n              <div class=\"text-inner text-center\">\n                  \n\n<h3 class=\"uppercase\" style=\"text-align: left;\"><b>LASER THERAPY<\/b><\/h3>\n<p>\u00a0<\/p>\n\n              <\/div>\n           <\/div>\n                            \n<style>\n#text-box-1417049662 {\n  width: 60%;\n}\n#text-box-1417049662 .text-box-content {\n  font-size: 100%;\n}\n<\/style>\n    <\/div>\n \n\n        <\/div>\n      <\/div>\n\n            \n<style>\n#banner-1240332054 {\n  padding-top: 500px;\n}\n#banner-1240332054 .bg.bg-loaded {\n  background-image: url(https:\/\/djoglobal.ch\/wp-content\/uploads\/2024\/04\/XLI05312-1024x678.jpg);\n}\n<\/style>\n  <\/div>\n\n\n\n  <div class=\"banner has-hover\" id=\"banner-461293477\">\n          <div class=\"banner-inner fill\">\n        <div class=\"banner-bg fill\" >\n            <div class=\"bg fill bg-fill \"><\/div>\n                                    \n                    <\/div>\n\t\t\n        <div class=\"banner-layers container\">\n            <div class=\"fill banner-link\"><\/div>            \n\n   <div id=\"text-box-870666143\" class=\"text-box banner-layer x5 md-x5 lg-x5 y70 md-y70 lg-y70 res-text\">\n                                <div class=\"text-box-content text dark text-shadow-5\">\n              \n              <div class=\"text-inner text-center\">\n                  \n\n<h2 class=\"uppercase\"><strong>Entdecken Sie die Vorteile des Cefar Chattanooga TENS-Ger\u00e4ts<\/strong><\/h2>\n\n              <\/div>\n           <\/div>\n                            \n<style>\n#text-box-870666143 {\n  width: 60%;\n}\n#text-box-870666143 .text-box-content {\n  font-size: 100%;\n}\n<\/style>\n    <\/div>\n \n\n        <\/div>\n      <\/div>\n\n            \n<style>\n#banner-461293477 {\n  padding-top: 50%;\n}\n#banner-461293477 .bg.bg-loaded {\n  background-image: url(https:\/\/djoglobal.ch\/wp-content\/uploads\/2024\/04\/DSC01440-scaled.jpg);\n}\n<\/style>\n  <\/div>\n\n\n\n  <div class=\"banner has-hover\" id=\"banner-1185231847\">\n          <div class=\"banner-inner fill\">\n        <div class=\"banner-bg fill\" >\n            <div class=\"bg fill bg-fill \"><\/div>\n                                    \n                    <\/div>\n\t\t\n        <div class=\"banner-layers container\">\n            <div class=\"fill banner-link\"><\/div>            \n\n   <div id=\"text-box-385275530\" class=\"text-box banner-layer x0 md-x0 lg-x0 y25 md-y25 lg-y25 res-text\">\n                                <div class=\"text-box-content text dark text-shadow-5\">\n              \n              <div class=\"text-inner text-center\">\n                  \n\n\t<div id=\"text-4140512789\" class=\"text\">\n\t\t\n\n<div class=\"n4sEPd\">\n<div class=\"QFw9Te\">\u00a0<\/div>\n<div class=\"FFpbKc\">\n<h3 class=\"xMmqsf\"><strong>ENTDECKEN SIE UNSEREN MIETSERVICE<\/strong><\/h3>\n<\/div>\n<\/div>\n\t\t\n<style>\n#text-4140512789 {\n  font-size: 0.9rem;\n}\n<\/style>\n\t<\/div>\n\t\n\n              <\/div>\n           <\/div>\n                            \n<style>\n#text-box-385275530 {\n  width: 23%;\n}\n#text-box-385275530 .text-box-content {\n  font-size: 100%;\n}\n<\/style>\n    <\/div>\n \n\n        <\/div>\n      <\/div>\n\n            \n<style>\n#banner-1185231847 {\n  padding-top: 40%;\n}\n#banner-1185231847 .bg.bg-loaded {\n  background-image: url(https:\/\/djoglobal.ch\/wp-content\/uploads\/2024\/02\/competences_center-1024x1024.jpg);\n}\n<\/style>\n  <\/div>\n\n\n\n     <\/div>\n\n     <div class=\"loading-spin dark large centered\"><\/div>\n\n\t<\/div>\n\n\n\t<section class=\"section\" id=\"section_930406541\">\n\t\t<div class=\"bg section-bg fill bg-fill  bg-loaded\" >\n\n\t\t\t\n\t\t\t<div class=\"section-bg-overlay absolute fill\"><\/div>\n\t\t\t\n\t<div class=\"is-border\"\n\t\tstyle=\"border-width:1px 0px 1px 0px;\">\n\t<\/div>\n\n\t\t<\/div>\n\n\t\t\n\n\t\t<div class=\"section-content relative\">\n\t\t\t\n\n<div class=\"row row-large align-middle\"  id=\"row-982008895\">\n\n\n\t<div id=\"col-631536268\" class=\"col medium-6 small-12 large-6\"  >\n\t\t\t\t<div class=\"col-inner text-center\"  >\n\t\t\t\n\t\t\t\n\n\t<div class=\"img has-hover x md-x lg-x y md-y lg-y\" id=\"image_1850880349\">\n\t\t\t\t\t\t\t\t<div class=\"img-inner image-cover box-shadow-2 dark\" style=\"padding-top:100%;\">\n\t\t\t<img loading=\"lazy\" decoding=\"async\" width=\"724\" height=\"1024\" src=\"https:\/\/djoglobal.ch\/wp-content\/uploads\/2024\/06\/flyer_location_11122012-4-pages-A5-724x1024.jpg\" class=\"attachment-large size-large\" alt=\"\" srcset=\"https:\/\/djoglobal.ch\/wp-content\/uploads\/2024\/06\/flyer_location_11122012-4-pages-A5-724x1024.jpg 724w, https:\/\/djoglobal.ch\/wp-content\/uploads\/2024\/06\/flyer_location_11122012-4-pages-A5-212x300.jpg 212w, https:\/\/djoglobal.ch\/wp-content\/uploads\/2024\/06\/flyer_location_11122012-4-pages-A5-768x1086.jpg 768w, https:\/\/djoglobal.ch\/wp-content\/uploads\/2024\/06\/flyer_location_11122012-4-pages-A5-1086x1536.jpg 1086w, https:\/\/djoglobal.ch\/wp-content\/uploads\/2024\/06\/flyer_location_11122012-4-pages-A5-1449x2048.jpg 1449w, https:\/\/djoglobal.ch\/wp-content\/uploads\/2024\/06\/flyer_location_11122012-4-pages-A5-510x721.jpg 510w, https:\/\/djoglobal.ch\/wp-content\/uploads\/2024\/06\/flyer_location_11122012-4-pages-A5-scaled.jpg 1811w\" sizes=\"auto, (max-width: 724px) 100vw, 724px\" \/>\t\t\t\t\t\t\n\t\t\t\t\t<\/div>\n\t\t\t\t\t\t\t\t\n<style>\n#image_1850880349 {\n  width: 80%;\n}\n<\/style>\n\t<\/div>\n\t\n\n\n\t\t<\/div>\n\t\t\t\t\t<\/div>\n\n\t\n\n\t<div id=\"col-1488587036\" class=\"col medium-6 small-12 large-6\"  >\n\t\t\t\t<div class=\"col-inner text-left\"  >\n\t\t\t\n\t\t\t\n\n<h2 class=\"uppercase\">REHABILITATIONSGER\u00c4T MIETEN<br \/>EFFEKTIVES, SICHERES UND KOMFORTABLES<\/h2>\n<p>Verbessern Sie Ihre Rehabilitation und optimieren Sie Ihre Physiotherapiesitzungen.<\/p>\n<p>&#8211; Muskelvolumen wiederherstellen<br \/>&#8211; Muskel-, Gelenk- und Nervenschmerzen bek\u00e4mpfen &#8230;<br \/>&#8211; Neuromotorische St\u00f6rungen vorbeugen<\/p>\n<a href=\"https:\/\/djoglobal.ch\/location\/\" class=\"button primary box-shadow-2 box-shadow-3-hover lowercase\"  style=\"border-radius:30px;\">\n    <span>Mehr Info<\/span>\n  <\/a>\n\n\n\n\t\t<\/div>\n\t\t\t\t\t<\/div>\n\n\t\n\n<\/div>\n\n\t\t<\/div>\n\n\t\t\n<style>\n#section_930406541 {\n  padding-top: 60px;\n  padding-bottom: 60px;\n  background-color: rgb(193, 193, 193);\n}\n#section_930406541 .section-bg-overlay {\n  background-color: rgba(255, 255, 255, 0.85);\n}\n<\/style>\n\t<\/section>\n\t\n\t<section class=\"section\" id=\"section_1828148960\">\n\t\t<div class=\"bg section-bg fill bg-fill  bg-loaded\" >\n\n\t\t\t\n\t\t\t<div class=\"section-bg-overlay absolute fill\"><\/div>\n\t\t\t\n\n\t\t<\/div>\n\n\t\t\n\n\t\t<div class=\"section-content relative\">\n\t\t\t\n\n<div class=\"row row-large align-middle\"  id=\"row-824178459\">\n\n\n\t<div id=\"col-1657048382\" class=\"col medium-6 small-12 large-6\"  >\n\t\t\t\t<div class=\"col-inner text-left\"  >\n\t\t\t\n\t\t\t\n\n<h1>TRAINING:<br \/>WICHTIGE HINWEISE ZUR ELEKTROMYOSTIMULATION<\/h1>\n<div>Wir begr\u00fc\u00dfen Sie herzlich zu einer unserer Schulungen in unseren R\u00e4umlichkeiten.<\/div>\n<div>\u00a0<\/div>\n<div>Unsere Schulungen, bestehend aus einem Theorieteil und einem gro\u00dfen Anteil an praktischen \u00dcbungen, vermitteln Ihnen alle Grundlagen der Elektromyostimulation, einschlie\u00dflich der Wirkungsweise verschiedener Muskelfasertypen, ihrer Tetanisierung, Chronaxie, Lapiques Gesetz usw.<\/div>\n<div>\u00a0<\/div>\n<div>Wie Compex-Programme mit ihren Kontraktions- und Ruhezeiten aufgebaut sind, wie die Elektroden platziert werden, welche Position in welcher Situation die richtige ist und wie die Intensit\u00e4ten gesteuert werden.<\/div>\n<div>\u00a0<\/div>\n<div>Und nat\u00fcrlich alle Protokolle, die wir in den letzten 40 Jahren dank der wertvollen Unterst\u00fctzung unseres medizinischen Netzwerks, insbesondere unserer Sportphysiotherapeuten, f\u00fcr maximale Effektivit\u00e4t konsolidiert haben.<\/div>\n<a href=\"https:\/\/djoglobal.ch\/portfolio\/\" class=\"button primary box-shadow-2 box-shadow-3-hover lowercase\"  style=\"border-radius:30px;\">\n    <span>Mehr Info<\/span>\n  <\/a>\n\n\n\n\t\t<\/div>\n\t\t\t\t\t<\/div>\n\n\t\n\n\t<div id=\"col-586623162\" class=\"col medium-6 small-12 large-6\"  >\n\t\t\t\t<div class=\"col-inner text-center\"  >\n\t\t\t\n\t\t\t\n\n\t<div class=\"img has-hover x md-x lg-x y md-y lg-y\" id=\"image_258249432\">\n\t\t\t\t\t\t\t\t<div class=\"img-inner image-cover box-shadow-2 dark\" style=\"padding-top:100%;\">\n\t\t\t<img loading=\"lazy\" decoding=\"async\" width=\"1020\" height=\"765\" src=\"https:\/\/djoglobal.ch\/wp-content\/uploads\/2024\/04\/formation-loeche-1024x768.jpg\" class=\"attachment-large size-large\" alt=\"\" srcset=\"https:\/\/djoglobal.ch\/wp-content\/uploads\/2024\/04\/formation-loeche-1024x768.jpg 1024w, https:\/\/djoglobal.ch\/wp-content\/uploads\/2024\/04\/formation-loeche-300x225.jpg 300w, https:\/\/djoglobal.ch\/wp-content\/uploads\/2024\/04\/formation-loeche-768x576.jpg 768w, https:\/\/djoglobal.ch\/wp-content\/uploads\/2024\/04\/formation-loeche-1536x1152.jpg 1536w, https:\/\/djoglobal.ch\/wp-content\/uploads\/2024\/04\/formation-loeche-2048x1536.jpg 2048w, https:\/\/djoglobal.ch\/wp-content\/uploads\/2024\/04\/formation-loeche-510x383.jpg 510w\" sizes=\"auto, (max-width: 1020px) 100vw, 1020px\" \/>\t\t\t\t\t\t\n\t\t\t\t\t<\/div>\n\t\t\t\t\t\t\t\t\n<style>\n#image_258249432 {\n  width: 80%;\n}\n<\/style>\n\t<\/div>\n\t\n\n\n\t\t<\/div>\n\t\t\t\t\t<\/div>\n\n\t\n\n<\/div>\n\n\t\t<\/div>\n\n\t\t\n<style>\n#section_1828148960 {\n  padding-top: 60px;\n  padding-bottom: 60px;\n  background-color: rgb(255, 255, 255);\n}\n#section_1828148960 .section-bg-overlay {\n  background-color: rgba(255, 255, 255, 0.85);\n}\n<\/style>\n\t<\/section>\n\t\n\t<section class=\"section\" id=\"section_1072544878\">\n\t\t<div class=\"bg section-bg fill bg-fill  bg-loaded\" >\n\n\t\t\t\n\t\t\t\n\t\t\t\n\n\t\t<\/div>\n\n\t\t\n\n\t\t<div class=\"section-content relative\">\n\t\t\t\n\n<div class=\"row row-large align-center row-divided\"  id=\"row-1447640920\">\n\n\n\t<div id=\"col-1202712127\" class=\"col medium-4 large-4\"  >\n\t\t\t\t<div class=\"col-inner\"  >\n\t\t\t\n\t\t\t\n\n\n\t\t<div class=\"icon-box featured-box icon-box-center text-center\"  style=\"margin:0px 0px 0px 0px;\">\n\t\t\t\t\t<div class=\"icon-box-img\" style=\"width: 60px\">\n\t\t\t\t<div class=\"icon\">\n\t\t\t\t\t<div class=\"icon-inner\" >\n\t\t\t\t\t\t<img loading=\"lazy\" decoding=\"async\" width=\"300\" height=\"300\" src=\"https:\/\/djoglobal.ch\/wp-content\/uploads\/2024\/02\/heart-attack-300x300.png\" class=\"attachment-medium size-medium\" alt=\"\" srcset=\"https:\/\/djoglobal.ch\/wp-content\/uploads\/2024\/02\/heart-attack-300x300.png 300w, https:\/\/djoglobal.ch\/wp-content\/uploads\/2024\/02\/heart-attack-510x510.png 510w, https:\/\/djoglobal.ch\/wp-content\/uploads\/2024\/02\/heart-attack-100x100.png 100w, https:\/\/djoglobal.ch\/wp-content\/uploads\/2024\/02\/heart-attack-150x150.png 150w, https:\/\/djoglobal.ch\/wp-content\/uploads\/2024\/02\/heart-attack.png 512w\" sizes=\"auto, (max-width: 300px) 100vw, 300px\" \/>\t\t\t\t\t<\/div>\n\t\t\t\t<\/div>\n\t\t\t<\/div>\n\t\t\t\t<div class=\"icon-box-text last-reset\">\n\t\t\t<h5 class=\"uppercase\">Vermietung<\/h5>\t\t\t\t\t\t\n\n<p>Mieten Sie eine sichere und gem\u00fctliche Einrichtung: Perfektionieren Sie Ihre Genesung und maximieren Sie die Wirksamkeit Ihrer Physiotherapie.<\/p>\n\n\t\t<\/div>\n\t<\/div>\n\t\n\t\n\n\t\t<\/div>\n\t\t\t\t\t<\/div>\n\n\t\n\n\t<div id=\"col-1778318331\" class=\"col medium-4 large-4\"  >\n\t\t\t\t<div class=\"col-inner\"  >\n\t\t\t\n\t\t\t\n\n\n\t\t<div class=\"icon-box featured-box icon-box-center text-center\"  style=\"margin:0px 0px 0px 0px;\">\n\t\t\t\t\t<div class=\"icon-box-img\" style=\"width: 60px\">\n\t\t\t\t<div class=\"icon\">\n\t\t\t\t\t<div class=\"icon-inner\" >\n\t\t\t\t\t\t<img loading=\"lazy\" decoding=\"async\" width=\"300\" height=\"300\" src=\"https:\/\/djoglobal.ch\/wp-content\/uploads\/2024\/02\/presentation-300x300.png\" class=\"attachment-medium size-medium\" alt=\"\" srcset=\"https:\/\/djoglobal.ch\/wp-content\/uploads\/2024\/02\/presentation-300x300.png 300w, https:\/\/djoglobal.ch\/wp-content\/uploads\/2024\/02\/presentation-510x510.png 510w, https:\/\/djoglobal.ch\/wp-content\/uploads\/2024\/02\/presentation-100x100.png 100w, https:\/\/djoglobal.ch\/wp-content\/uploads\/2024\/02\/presentation-150x150.png 150w, https:\/\/djoglobal.ch\/wp-content\/uploads\/2024\/02\/presentation.png 512w\" sizes=\"auto, (max-width: 300px) 100vw, 300px\" \/>\t\t\t\t\t<\/div>\n\t\t\t\t<\/div>\n\t\t\t<\/div>\n\t\t\t\t<div class=\"icon-box-text last-reset\">\n\t\t\t<h5 class=\"uppercase\">Besuchen Sie<\/h5>\t\t\t\t\t\t\n\n<p>Informieren Sie sich \u00fcber die Termine unserer zuk\u00fcnftigen Kurse sowie \u00fcber den Inhalt des Ausbildungsprogramms f\u00fcr Physiotherapeuten.<\/p>\n\n\t\t<\/div>\n\t<\/div>\n\t\n\t\n\n\t\t<\/div>\n\t\t\t\t\t<\/div>\n\n\t\n\n\t<div id=\"col-1602702389\" class=\"col medium-4 large-4\"  >\n\t\t\t\t<div class=\"col-inner\"  >\n\t\t\t\n\t\t\t\n\n\n\t\t<div class=\"icon-box featured-box icon-box-center text-center\"  style=\"margin:0px 0px 0px 0px;\">\n\t\t\t\t\t<div class=\"icon-box-img\" style=\"width: 60px\">\n\t\t\t\t<div class=\"icon\">\n\t\t\t\t\t<div class=\"icon-inner\" >\n\t\t\t\t\t\t<img loading=\"lazy\" decoding=\"async\" width=\"300\" height=\"300\" src=\"https:\/\/djoglobal.ch\/wp-content\/uploads\/2024\/02\/earth-globe-with-continents-maps-300x300.png\" class=\"attachment-medium size-medium\" alt=\"\" srcset=\"https:\/\/djoglobal.ch\/wp-content\/uploads\/2024\/02\/earth-globe-with-continents-maps-300x300.png 300w, https:\/\/djoglobal.ch\/wp-content\/uploads\/2024\/02\/earth-globe-with-continents-maps-510x510.png 510w, https:\/\/djoglobal.ch\/wp-content\/uploads\/2024\/02\/earth-globe-with-continents-maps-100x100.png 100w, https:\/\/djoglobal.ch\/wp-content\/uploads\/2024\/02\/earth-globe-with-continents-maps-150x150.png 150w, https:\/\/djoglobal.ch\/wp-content\/uploads\/2024\/02\/earth-globe-with-continents-maps.png 512w\" sizes=\"auto, (max-width: 300px) 100vw, 300px\" \/>\t\t\t\t\t<\/div>\n\t\t\t\t<\/div>\n\t\t\t<\/div>\n\t\t\t\t<div class=\"icon-box-text last-reset\">\n\t\t\t<h5 class=\"uppercase\">Vertriebspartner<\/h5>\t\t\t\t\t\t\n\n<p>Die an DJO Global angeschlossenen Marken in der Schweiz werden von privilegierten Partnern vertrieben, die sich um ihre Kunden k\u00fcmmern.<\/p>\n\n\t\t<\/div>\n\t<\/div>\n\t\n\t\n\n\t\t<\/div>\n\t\t\t\t\t<\/div>\n\n\t\n\n<\/div>\n\n\t\t<\/div>\n\n\t\t\n<style>\n#section_1072544878 {\n  padding-top: 30px;\n  padding-bottom: 30px;\n  background-color: rgb(255, 255, 255);\n}\n<\/style>\n\t<\/section>\n\t\n\n<div class=\"message-box relative dark\" style=\"padding-top:36px;padding-bottom:36px;\"><div class=\"message-box-bg-image bg-fill fill\" ><\/div><div class=\"message-box-bg-overlay bg-fill fill\" style=\"background-color:rgb(200, 16, 46);\"><\/div><div class=\"container relative\"><div class=\"inner last-reset\">\n\n<div class=\"row align-middle\"  id=\"row-1279475188\">\n\n\n\t<div id=\"col-667685074\" class=\"col medium-7 small-12 large-7\"  >\n\t\t\t\t<div class=\"col-inner\"  >\n\t\t\t\n\t\t\t\n\n<h2 class=\"uppercase\"><span style=\"font-size: 90%;\">Machen Sie den ersten Schritt zu Ihrem Wohlbefinden<\/span><\/h2>\n<p>Kontaktieren Sie uns noch heute und erfahren Sie, wie unsere L\u00f6sungen Ihren Weg ins Gesundheitswesen ver\u00e4ndern k\u00f6nnen. Ein Team von Experten erwartet Sie, um Sie zu einem erf\u00fcllteren und schmerzfreieren Leben zu f\u00fchren.<\/p>\n\t<div id=\"gap-1797852166\" class=\"gap-element clearfix show-for-small\" style=\"display:block; height:auto;\">\n\t\t\n<style>\n#gap-1797852166 {\n  padding-top: 30px;\n}\n<\/style>\n\t<\/div>\n\t\n\n\n\t\t<\/div>\n\t\t\t\t\t<\/div>\n\n\t\n\n\t<div id=\"col-1463701267\" class=\"col medium-5 small-12 large-5\"  >\n\t\t\t\t<div class=\"col-inner text-right\"  >\n\t\t\t\n\t\t\t\n\n<a data-animate=\"flipInY\" href=\"https:\/\/djoglobal.ch\/de\/kontakt\/\" class=\"button white is-outline is-larger\"  >\n    <span>Kontaktieren Sie uns<\/span>\n  <\/a>\n\n\n\n\t\t<\/div>\n\t\t\t\t\t<\/div>\n\n\t\n\n<\/div>\n\n<\/div><\/div><\/div>\n\n\n","protected":false},"excerpt":{"rendered":"","protected":false},"author":4,"featured_media":0,"parent":0,"menu_order":0,"comment_status":"closed","ping_status":"closed","template":"page-blank.php","meta":{"footnotes":""},"class_list":["post-29118","page","type-page","status-publish","hentry"],"_links":{"self":[{"href":"https:\/\/djoglobal.ch\/de\/wp-json\/wp\/v2\/pages\/29118","targetHints":{"allow":["GET"]}}],"collection":[{"href":"https:\/\/djoglobal.ch\/de\/wp-json\/wp\/v2\/pages"}],"about":[{"href":"https:\/\/djoglobal.ch\/de\/wp-json\/wp\/v2\/types\/page"}],"author":[{"embeddable":true,"href":"https:\/\/djoglobal.ch\/de\/wp-json\/wp\/v2\/users\/4"}],"replies":[{"embeddable":true,"href":"https:\/\/djoglobal.ch\/de\/wp-json\/wp\/v2\/comments?post=29118"}],"version-history":[{"count":5,"href":"https:\/\/djoglobal.ch\/de\/wp-json\/wp\/v2\/pages\/29118\/revisions"}],"predecessor-version":[{"id":31363,"href":"https:\/\/djoglobal.ch\/de\/wp-json\/wp\/v2\/pages\/29118\/revisions\/31363"}],"wp:attachment":[{"href":"https:\/\/djoglobal.ch\/de\/wp-json\/wp\/v2\/media?parent=29118"}],"curies":[{"name":"wp","href":"https:\/\/api.w.org\/{rel}","templated":true}]}}