{"id":29187,"date":"2024-02-11T22:26:12","date_gmt":"2024-02-11T21:26:12","guid":{"rendered":"https:\/\/prod.djoglobal.ch\/vertriebspartner\/"},"modified":"2024-06-30T18:24:46","modified_gmt":"2024-06-30T16:24:46","slug":"vertriebspartner","status":"publish","type":"page","link":"https:\/\/djoglobal.ch\/de\/vertriebspartner\/","title":{"rendered":"Vertriebspartner"},"content":{"rendered":"\n\t<section class=\"section\" id=\"section_635070306\">\n\t\t<div class=\"bg section-bg fill bg-fill  bg-loaded\" >\n\n\t\t\t\n\t\t\t<div class=\"section-bg-overlay absolute fill\"><\/div>\n\t\t\t\n\t<div class=\"is-border\"\n\t\tstyle=\"border-width:1px 0px 1px 0px;\">\n\t<\/div>\n\n\t\t<\/div>\n\n\t\t\n\n\t\t<div class=\"section-content relative\">\n\t\t\t\n\n<div class=\"row row-large align-middle\"  id=\"row-1278394771\">\n\n\n\t<div id=\"col-1375946567\" class=\"col medium-6 small-12 large-6\"  >\n\t\t\t\t<div class=\"col-inner\"  >\n\t\t\t\n\t\t\t\n\n\t<div class=\"img has-hover x md-x lg-x y md-y lg-y\" id=\"image_654962708\">\n\t\t\t\t\t\t\t\t<div class=\"img-inner image-cover box-shadow-2 dark\" style=\"padding-top:75%;\">\n\t\t\t<img loading=\"lazy\" decoding=\"async\" width=\"480\" height=\"260\" src=\"https:\/\/djoglobal.ch\/wp-content\/uploads\/2024\/02\/patient-education-article-preview-oa-education-v01.jpg\" class=\"attachment-large size-large\" alt=\"\" srcset=\"https:\/\/djoglobal.ch\/wp-content\/uploads\/2024\/02\/patient-education-article-preview-oa-education-v01.jpg 480w, https:\/\/djoglobal.ch\/wp-content\/uploads\/2024\/02\/patient-education-article-preview-oa-education-v01-300x163.jpg 300w\" sizes=\"auto, (max-width: 480px) 100vw, 480px\" \/>\t\t\t\t\t\t\n\t\t\t\t\t<\/div>\n\t\t\t\t\t\t\t\t\n<style>\n#image_654962708 {\n  width: 100%;\n}\n<\/style>\n\t<\/div>\n\t\n\n\n\t\t<\/div>\n\t\t\t\t\t<\/div>\n\n\t\n\n\t<div id=\"col-1202148489\" class=\"col medium-6 small-12 large-6\"  >\n\t\t\t\t<div class=\"col-inner text-left\"  >\n\t\t\t\n\t\t\t\n\n<h2>Praktische Schulungen f\u00fcr Berufst\u00e4tige: Erweitern Sie Ihre F\u00e4higkeiten, steigern Sie Ihre Praxis<\/h2>\n<p>Willkommen zu unseren speziellen Schulungen f\u00fcr Praktiker! Diese Sitzungen sind so konzipiert, dass sie Ihre beruflichen F\u00e4higkeiten erweitern und Ihnen die Werkzeuge an die Hand geben, die Sie ben\u00f6tigen, um Ihren Kunden den besten Service zu bieten. Wir freuen uns, Sie bei dieser Fortbildungsreihe begr\u00fc\u00dfen zu d\u00fcrfen, in der wir gemeinsam verschiedene Themen erkunden werden, die f\u00fcr Ihre Praxis relevant sind. Bereiten Sie sich darauf vor, zu lernen, Ideen auszutauschen und Ihr Wissen zu erweitern, um Ihre Berufspraxis zu verbessern.<\/p>\n\n\t\t<\/div>\n\t\t\t\t\t<\/div>\n\n\t\n\n<\/div>\n\n\t\t<\/div>\n\n\t\t\n<style>\n#section_635070306 {\n  padding-top: 60px;\n  padding-bottom: 60px;\n  background-color: rgb(193, 193, 193);\n}\n#section_635070306 .section-bg-overlay {\n  background-color: rgba(255, 255, 255, 0.85);\n}\n<\/style>\n\t<\/section>\n\t\n<div class=\"row\"  id=\"row-1422166788\">\n\n\n\t<div id=\"col-862309227\" class=\"col small-12 large-12\"  >\n\t\t\t\t<div class=\"col-inner\"  >\n\t\t\t\n\t\t\t\n\n<p>In den Kompetenzzentren arbeiten Gesundheitsfachkr\u00e4fte, die Experten f\u00fcr neuromuskul\u00e4re Elektrostimulation sind und besonders gut an den Compex-Ger\u00e4ten und dem Mietsystem f\u00fcr die Behandlung zu Hause ausgebildet sind.<\/p>\n\n\t\t<\/div>\n\t\t\t\t\t<\/div>\n\n\t\n\n<\/div>\n\t<section class=\"section\" id=\"section_471629847\">\n\t\t<div class=\"bg section-bg fill bg-fill  bg-loaded\" >\n\n\t\t\t\n\t\t\t\n\t\t\t\n\n\t\t<\/div>\n\n\t\t\n\n\t\t<div class=\"section-content relative\">\n\t\t\t\n\n<div class=\"row\"  id=\"row-384508507\">\n\n\n\t<div id=\"col-1887638082\" class=\"col small-12 large-12\"  >\n\t\t\t\t<div class=\"col-inner\"  >\n\t\t\t\n\t\t\t\n\n<div class=\"accordion\">\n\n\t<div id=\"accordion-494378969\" class=\"accordion-item\">\n\t\t<a id=\"accordion-494378969-label\" class=\"accordion-title plain\" href=\"#accordion-item-franz\u00f6sische-schweiz\" aria-expanded=\"false\" aria-controls=\"accordion-494378969-content\" >\n\t\t\t<button class=\"toggle\" aria-label=\"Umschalten\"><i class=\"icon-angle-down\"><\/i><\/button>\n\t\t\t<span>Franz\u00f6sische Schweiz<\/span>\n\t\t<\/a>\n\t\t<div id=\"accordion-494378969-content\" class=\"accordion-inner\" aria-labelledby=\"accordion-494378969-label\" >\n\t\t\t\n\n<div class=\"row\"  id=\"row-17090908\">\n\n\n\t<div id=\"col-1164105282\" class=\"col medium-4 large-4\"  >\n\t\t\t\t<div class=\"col-inner\" style=\"background-color:rgb(248, 248, 248);\" >\n\t\t\t\n\t\t\t\n\n<h3>DeepSEO S\u00e0rl<br><span style=\"color: #555555; font-size: 14.4px;\">Rue du Veyrier 19<br><\/span><span style=\"color: #555555; font-size: 14.4px;\">1227 Carouge<\/span><\/h3>\n\n\t\t<div class=\"icon-box featured-box icon-box-top text-left\"  >\n\t\t\t\t<div class=\"icon-box-text last-reset\">\n\t\t\t\t\t\t\t\t\t\n\n<div class=\"text-center\"><div class=\"is-divider divider clearfix\" style=\"background-color:rgb(255, 0, 0);\"><\/div><\/div>\n\n\t<div class=\"ux-menu stack stack-col justify-start ux-menu--divider-solid\">\n\t\t\n\n\t<div class=\"ux-menu-link flex menu-item\">\n\t\t<a class=\"ux-menu-link__link flex\" href=\"tel:+41277761594\" >\n\t\t\t\t\t\t<span class=\"ux-menu-link__text\">\n\t\t\t\tTelefon\t\t\t<\/span>\n\t\t<\/a>\n\t<\/div>\n\t\n\n\t<div class=\"ux-menu-link flex menu-item\">\n\t\t<a class=\"ux-menu-link__link flex\" href=\"mailto:info@ast-sa.ch\" >\n\t\t\t\t\t\t<span class=\"ux-menu-link__text\">\n\t\t\t\tE-Mail\t\t\t<\/span>\n\t\t<\/a>\n\t<\/div>\n\t\n\n\t<div class=\"ux-menu-link flex menu-item\">\n\t\t<a class=\"ux-menu-link__link flex\" href=\"http:\/\/www.ast-sa.ch\" target=\"_blank\" rel=\"noopener\">\n\t\t\t\t\t\t<span class=\"ux-menu-link__text\">\n\t\t\t\tWebsite\t\t\t<\/span>\n\t\t<\/a>\n\t<\/div>\n\t\n\n\n\t<\/div>\n\t\n\n\t\t<\/div>\n\t<\/div>\n\t\n\t\n\n\t\t<\/div>\n\t\t\t\t\n<style>\n#col-1164105282 > .col-inner {\n  padding: 10px 10px 10px 10px;\n  border-radius: 15px;\n}\n<\/style>\n\t<\/div>\n\n\t\n\n\t<div id=\"col-524153905\" class=\"col medium-4 large-4\"  >\n\t\t\t\t<div class=\"col-inner\" style=\"background-color:rgb(248, 248, 248);\" >\n\t\t\t\n\t\t\t\n\n\n\t\t<div class=\"icon-box featured-box icon-box-top text-left\"  >\n\t\t\t\t<div class=\"icon-box-text last-reset\">\n\t\t\t\t\t\t\t\t\t\n\n<h3>Medunivers SA<br><span style=\"color: #555555; font-size: 14.4px;\">Chauss\u00e9e du Canal 28<br><\/span><span style=\"color: #555555; font-size: 14.4px;\">1897 Bouveret<br><\/span><\/h3>\n<div class=\"text-center\"><div class=\"is-divider divider clearfix\" style=\"background-color:rgb(255, 0, 0);\"><\/div><\/div>\n\n\t<div class=\"ux-menu stack stack-col justify-start ux-menu--divider-solid\">\n\t\t\n\n\t<div class=\"ux-menu-link flex menu-item\">\n\t\t<a class=\"ux-menu-link__link flex\" href=\"tel:+41277761594\" >\n\t\t\t\t\t\t<span class=\"ux-menu-link__text\">\n\t\t\t\tTelefon\t\t\t<\/span>\n\t\t<\/a>\n\t<\/div>\n\t\n\n\t<div class=\"ux-menu-link flex menu-item\">\n\t\t<a class=\"ux-menu-link__link flex\" href=\"https:\/\/djoglobal.ch\/mailtojdmarech@msn.com\" >\n\t\t\t\t\t\t<span class=\"ux-menu-link__text\">\n\t\t\t\tE-Mail\t\t\t<\/span>\n\t\t<\/a>\n\t<\/div>\n\t\n\n\t<div class=\"ux-menu-link flex menu-item\">\n\t\t<a class=\"ux-menu-link__link flex\" href=\"http:\/\/www.beaulieu.ch\/fr\/specialites\/physiotherapie\/index.html\" target=\"_blank\" rel=\"noopener\">\n\t\t\t\t\t\t<span class=\"ux-menu-link__text\">\n\t\t\t\tWebsite\t\t\t<\/span>\n\t\t<\/a>\n\t<\/div>\n\t\n\n\n\t<\/div>\n\t\n\n\t\t<\/div>\n\t<\/div>\n\t\n\t\n\n\t\t<\/div>\n\t\t\t\t\n<style>\n#col-524153905 > .col-inner {\n  padding: 10px 10px 10px 10px;\n  border-radius: 15px;\n}\n<\/style>\n\t<\/div>\n\n\t\n\n\t<div id=\"col-2114383485\" class=\"col medium-4 large-4\"  >\n\t\t\t\t<div class=\"col-inner\" style=\"background-color:rgb(248, 248, 248);\" >\n\t\t\t\n\t\t\t\n\n\n\t\t<div class=\"icon-box featured-box icon-box-top text-left\"  >\n\t\t\t\t<div class=\"icon-box-text last-reset\">\n\t\t\t\t\t\t\t\t\t\n\n<h3>Zu erg\u00e4nzen<br><span style=\"color: #555555; font-size: 14.4px;\">ABC<br><\/span><span style=\"color: #555555; font-size: 14.4px;\">ABC<\/span><\/h3>\n<div class=\"text-center\"><div class=\"is-divider divider clearfix\" style=\"background-color:rgb(255, 0, 0);\"><\/div><\/div>\n\n\t<div class=\"ux-menu stack stack-col justify-start ux-menu--divider-solid\">\n\t\t\n\n\t<div class=\"ux-menu-link flex menu-item\">\n\t\t<a class=\"ux-menu-link__link flex\" href=\"tel:+41277761594\" >\n\t\t\t\t\t\t<span class=\"ux-menu-link__text\">\n\t\t\t\tTelefon\t\t\t<\/span>\n\t\t<\/a>\n\t<\/div>\n\t\n\n\t<div class=\"ux-menu-link flex menu-item\">\n\t\t<a class=\"ux-menu-link__link flex\" href=\"https:\/\/djoglobal.ch\/mailtojdmarech@msn.com\" >\n\t\t\t\t\t\t<span class=\"ux-menu-link__text\">\n\t\t\t\tE-Mail\t\t\t<\/span>\n\t\t<\/a>\n\t<\/div>\n\t\n\n\t<div class=\"ux-menu-link flex menu-item\">\n\t\t<a class=\"ux-menu-link__link flex\" href=\"http:\/\/www.beaulieu.ch\/fr\/specialites\/physiotherapie\/index.html\" target=\"_blank\" rel=\"noopener\">\n\t\t\t\t\t\t<span class=\"ux-menu-link__text\">\n\t\t\t\tWebsite\t\t\t<\/span>\n\t\t<\/a>\n\t<\/div>\n\t\n\n\n\t<\/div>\n\t\n\n\t\t<\/div>\n\t<\/div>\n\t\n\t\n\n\t\t<\/div>\n\t\t\t\t\n<style>\n#col-2114383485 > .col-inner {\n  padding: 10px 10px 10px 10px;\n  border-radius: 15px;\n}\n<\/style>\n\t<\/div>\n\n\t\n\n<\/div>\n\n\t\t<\/div>\n\t<\/div>\n\t\n\t<div id=\"accordion-2496534576\" class=\"accordion-item\">\n\t\t<a id=\"accordion-2496534576-label\" class=\"accordion-title plain\" href=\"#accordion-item-deutschsprachige-schweiz\" aria-expanded=\"false\" aria-controls=\"accordion-2496534576-content\" >\n\t\t\t<button class=\"toggle\" aria-label=\"Umschalten\"><i class=\"icon-angle-down\"><\/i><\/button>\n\t\t\t<span>Deutschsprachige Schweiz<\/span>\n\t\t<\/a>\n\t\t<div id=\"accordion-2496534576-content\" class=\"accordion-inner\" aria-labelledby=\"accordion-2496534576-label\" >\n\t\t\t\n\n\n\t\t<\/div>\n\t<\/div>\n\t\n\n<\/div>\n\n\t\t<\/div>\n\t\t\t\t\t<\/div>\n\n\t\n\n<\/div>\n\n\t\t<\/div>\n\n\t\t\n<style>\n#section_471629847 {\n  padding-top: 30px;\n  padding-bottom: 30px;\n  background-color: rgb(255, 255, 255);\n}\n<\/style>\n\t<\/section>\n\t\n<div class=\"message-box relative dark\" style=\"padding-top:36px;padding-bottom:36px;\"><div class=\"message-box-bg-image bg-fill fill\" ><\/div><div class=\"message-box-bg-overlay bg-fill fill\" style=\"background-color:rgb(200, 16, 46);\"><\/div><div class=\"container relative\"><div class=\"inner last-reset\">\n\n<div class=\"row align-middle\"  id=\"row-1837105037\">\n\n\n\t<div id=\"col-206089595\" class=\"col medium-7 small-12 large-7\"  >\n\t\t\t\t<div class=\"col-inner\"  >\n\t\t\t\n\t\t\t\n\n<h2 class=\"uppercase\"><span style=\"font-size: 90%;\">Machen Sie den ersten Schritt zu Ihrem Wohlbefinden<\/span><\/h2>\n<p>Kontaktieren Sie uns noch heute und erfahren Sie, wie unsere L\u00f6sungen Ihren Weg ins Gesundheitswesen ver\u00e4ndern k\u00f6nnen. Ein Team von Experten erwartet Sie, um Sie zu einem erf\u00fcllteren und schmerzfreieren Leben zu f\u00fchren.<\/p>\n\t<div id=\"gap-1728498564\" class=\"gap-element clearfix show-for-small\" style=\"display:block; height:auto;\">\n\t\t\n<style>\n#gap-1728498564 {\n  padding-top: 30px;\n}\n<\/style>\n\t<\/div>\n\t\n\n\n\t\t<\/div>\n\t\t\t\t\t<\/div>\n\n\t\n\n\t<div id=\"col-26385092\" class=\"col medium-5 small-12 large-5\"  >\n\t\t\t\t<div class=\"col-inner text-right\"  >\n\t\t\t\n\t\t\t\n\n<a data-animate=\"flipInY\" href=\"https:\/\/djoglobal.ch\/de\/kontakt\/\" class=\"button white is-outline is-larger\"  >\n    <span>Kontaktieren Sie uns<\/span>\n  <\/a>\n\n\n\n\t\t<\/div>\n\t\t\t\t\t<\/div>\n\n\t\n\n<\/div>\n\n<\/div><\/div><\/div>\n\n\n","protected":false},"excerpt":{"rendered":"","protected":false},"author":4,"featured_media":0,"parent":0,"menu_order":0,"comment_status":"closed","ping_status":"closed","template":"page-blank.php","meta":{"footnotes":""},"class_list":["post-29187","page","type-page","status-publish","hentry"],"_links":{"self":[{"href":"https:\/\/djoglobal.ch\/de\/wp-json\/wp\/v2\/pages\/29187","targetHints":{"allow":["GET"]}}],"collection":[{"href":"https:\/\/djoglobal.ch\/de\/wp-json\/wp\/v2\/pages"}],"about":[{"href":"https:\/\/djoglobal.ch\/de\/wp-json\/wp\/v2\/types\/page"}],"author":[{"embeddable":true,"href":"https:\/\/djoglobal.ch\/de\/wp-json\/wp\/v2\/users\/4"}],"replies":[{"embeddable":true,"href":"https:\/\/djoglobal.ch\/de\/wp-json\/wp\/v2\/comments?post=29187"}],"version-history":[{"count":5,"href":"https:\/\/djoglobal.ch\/de\/wp-json\/wp\/v2\/pages\/29187\/revisions"}],"predecessor-version":[{"id":30565,"href":"https:\/\/djoglobal.ch\/de\/wp-json\/wp\/v2\/pages\/29187\/revisions\/30565"}],"wp:attachment":[{"href":"https:\/\/djoglobal.ch\/de\/wp-json\/wp\/v2\/media?parent=29187"}],"curies":[{"name":"wp","href":"https:\/\/api.w.org\/{rel}","templated":true}]}}