{"id":29203,"date":"2017-02-16T09:16:01","date_gmt":"2017-02-16T08:16:01","guid":{"rendered":"https:\/\/prod.djoglobal.ch\/schulungen\/"},"modified":"2026-01-22T13:25:34","modified_gmt":"2026-01-22T12:25:34","slug":"schulungen","status":"publish","type":"page","link":"https:\/\/djoglobal.ch\/de\/schulungen\/","title":{"rendered":"Ausbildung"},"content":{"rendered":"\n\t<section class=\"section\" id=\"section_1080548003\">\n\t\t<div class=\"bg section-bg fill bg-fill  bg-loaded\" >\n\n\t\t\t\n\t\t\t<div class=\"section-bg-overlay absolute fill\"><\/div>\n\t\t\t\n\t<div class=\"is-border\"\n\t\tstyle=\"border-width:1px 0px 1px 0px;\">\n\t<\/div>\n\n\t\t<\/div>\n\n\t\t\n\n\t\t<div class=\"section-content relative\">\n\t\t\t\n\n<div class=\"row row-large align-middle\"  id=\"row-699744150\">\n\n\n\t<div id=\"col-583923702\" class=\"col medium-6 small-12 large-6\"  >\n\t\t\t\t<div class=\"col-inner text-center\"  >\n\t\t\t\n\t\t\t\n\n\t<div class=\"img has-hover x md-x lg-x y md-y lg-y\" id=\"image_1741000370\">\n\t\t\t\t\t\t\t\t<div class=\"img-inner image-cover box-shadow-2 dark\" style=\"padding-top:100%;\">\n\t\t\t<img loading=\"lazy\" decoding=\"async\" width=\"222\" height=\"222\" src=\"https:\/\/djoglobal.ch\/wp-content\/uploads\/2025\/04\/online-DE.png\" class=\"attachment-large size-large\" alt=\"\" srcset=\"https:\/\/djoglobal.ch\/wp-content\/uploads\/2025\/04\/online-DE.png 222w, https:\/\/djoglobal.ch\/wp-content\/uploads\/2025\/04\/online-DE-150x150.png 150w, https:\/\/djoglobal.ch\/wp-content\/uploads\/2025\/04\/online-DE-100x100.png 100w\" sizes=\"auto, (max-width: 222px) 100vw, 222px\" \/>\t\t\t\t\t\t\n\t\t\t\t\t<\/div>\n\t\t\t\t\t\t\t\t\n<style>\n#image_1741000370 {\n  width: 80%;\n}\n<\/style>\n\t<\/div>\n\t\n\n\n\t\t<\/div>\n\t\t\t\t\t<\/div>\n\n\t\n\n\t<div id=\"col-1706132179\" class=\"col medium-6 small-12 large-6\"  >\n\t\t\t\t<div class=\"col-inner text-left\"  >\n\t\t\t\n\t\t\t\n\n<p>\u00a0<\/p>\n<table width=\"1020\">\n<tbody>\n<tr>\n<td>\n<h5>Wir laden Sie ein, an mehreren ONLINE-Refresh-Sitzungen zu den Themen<br \/>Ihrer Wahl im Bereich Elektrostimulation teilzunehmen. In diesen 60 Minuten\u00a0\u00a0 <br \/>k\u00f6nnen Sie einige Erinnerungen an Ihr Studium der <br \/>Elektrotherapie wieder aufleben lassen oder sie ganz neu entdecken, <br \/>falls Sie diese noch nicht\u00a0durchlaufen haben.<\/h5>\n<p>Unser\u00a0Experte\u00a0Romeo\u00a0M\u00fcller\u00a0wird\u00a0Ihnen\u00a0von\u00a013:00\u00a0bis\u00a014:00\u00a0Uhr\u00a0ONLINE\u00a0<br \/>einen\u00a0komprimierten\u00a0\u00dcberblick\u00a0\u00fcber\u00a0die\u00a0seit\u00a0\u00fcber\u00a040\u00a0Jahren\u00a0am\u00a0h\u00e4ufigsten\u00a0<\/p>\n<p>verwendeten\u00a0Elektroanwendungen\u00a0mit\u00a0Compex\/Chattanooga\u00a0geben.\u00a0<br \/>Melden\u00a0Sie\u00a0sich\u00a0an,\u00a0um\u00a0an\u00a0einer\u00a0oder\u00a0mehreren\u00a0Fortbildungen\u00a0Ihrer\u00a0Wahl\u00a0<br \/>teilzunehmen.<\/p>\n<\/td>\n<\/tr>\n<\/tbody>\n<\/table>\n<table width=\"1003\">\n<tbody>\n<tr>\n<td>\n<p>Wenn\u00a0Sie\u00a0m\u00f6chten,\u00a0komme\u00a0ich\u00a0gerne\u00a0zu\u00a0Ihnen,\u00a0um\u00a0praktische\u00a0Workshops\u00a0zu\u00a0veranstalten\u00a0<br \/>und\u00a0Ihnen\u00a0die\u00a0Erfahrung\u00a0der\u00a0Elektrostimulation\u00a0mit\u00a0den\u00a0richtigen\u00a0Praktiken<br \/>(Einstellung der Intensit\u00e4t, Platzierung der Elektroden und Position der Patienten)\u00a0<br \/>n\u00e4herzubringen.\u00a0<\/p>\n<p>\u00a0<\/p>\n<\/td>\n<\/tr>\n<\/tbody>\n<\/table>\n<h4>Ich\u00a0freue\u00a0mich\u00a0darauf,\u00a0Sie\u00a0bald\u00a0wiederzusehen!<\/h4>\n<p>\u00a0<\/p>\n<table width=\"1003\">\n<tbody>\n<tr>\n<td>\n<p>Aurora De Filippo<\/p>\n<p>Sales Manager Medical Deutsch-Schweiz<\/p>\n<p><strong>ANMELDUNG AN: aurora.defilippo@enovis.com<\/strong><\/p>\n<\/td>\n<\/tr>\n<\/tbody>\n<\/table>\n\n\t\t<\/div>\n\t\t\t\t\t<\/div>\n\n\t\n\n<\/div>\n\n\t\t<\/div>\n\n\t\t\n<style>\n#section_1080548003 {\n  padding-top: 60px;\n  padding-bottom: 60px;\n  background-color: rgb(193, 193, 193);\n}\n#section_1080548003 .section-bg-overlay {\n  background-color: rgba(255, 255, 255, 0.85);\n}\n<\/style>\n\t<\/section>\n\t\n\t<section class=\"section\" id=\"section_1411923436\">\n\t\t<div class=\"bg section-bg fill bg-fill  bg-loaded\" >\n\n\t\t\t\n\t\t\t<div class=\"section-bg-overlay absolute fill\"><\/div>\n\t\t\t\n\n\t\t<\/div>\n\n\t\t\n\n\t\t<div class=\"section-content relative\">\n\t\t\t\n\n<div class=\"row row-large align-middle\"  id=\"row-2109297337\">\n\n\n\t<div id=\"col-69517344\" class=\"col medium-9 small-12 large-9\"  >\n\t\t\t\t<div class=\"col-inner\"  >\n\t\t\t\n\t\t\t\n\n<a href=\"https:\/\/drive.google.com\/file\/d\/1S09LQUvAXub1oi3B28TyjtEVTyiJbeUD\/view?usp=sharing\" class=\"button primary\"  >\n  <i class=\"icon-angle-down\" aria-hidden=\"true\" ><\/i>  <span>PDF ONLINE TRAINING INFO UND DATUM<\/span>\n  <\/a>\n\n\n\n\t\t<\/div>\n\t\t\t\t\t<\/div>\n\n\t\n\n<\/div>\n\n\t\t<\/div>\n\n\t\t\n<style>\n#section_1411923436 {\n  padding-top: 60px;\n  padding-bottom: 60px;\n  background-color: rgb(255, 255, 255);\n}\n#section_1411923436 .section-bg-overlay {\n  background-color: rgba(255, 255, 255, 0.85);\n}\n<\/style>\n\t<\/section>\n\t\n\t<section class=\"section\" id=\"section_1938913704\">\n\t\t<div class=\"bg section-bg fill bg-fill  bg-loaded\" >\n\n\t\t\t\n\t\t\t<div class=\"section-bg-overlay absolute fill\"><\/div>\n\t\t\t\n\t<div class=\"is-border\"\n\t\tstyle=\"border-width:1px 0px 1px 0px;\">\n\t<\/div>\n\n\t\t<\/div>\n\n\t\t\n\n\t\t<div class=\"section-content relative\">\n\t\t\t\n\n<div class=\"row row-large align-middle\"  id=\"row-98085964\">\n\n\n\t<div id=\"col-395169800\" class=\"col medium-6 small-12 large-6\"  >\n\t\t\t\t<div class=\"col-inner text-center\"  >\n\t\t\t\n\t\t\t\n\n\t<div class=\"img has-hover x md-x lg-x y md-y lg-y\" id=\"image_1855348224\">\n\t\t\t\t\t\t\t\t<div class=\"img-inner image-cover box-shadow-2 dark\" style=\"padding-top:100%;\">\n\t\t\t<img loading=\"lazy\" decoding=\"async\" width=\"949\" height=\"1024\" src=\"https:\/\/djoglobal.ch\/wp-content\/uploads\/2025\/05\/Brochure_LightForce_France_Chattanooga_FR-949x1024.jpg\" class=\"attachment-large size-large\" alt=\"\" srcset=\"https:\/\/djoglobal.ch\/wp-content\/uploads\/2025\/05\/Brochure_LightForce_France_Chattanooga_FR-949x1024.jpg 949w, https:\/\/djoglobal.ch\/wp-content\/uploads\/2025\/05\/Brochure_LightForce_France_Chattanooga_FR-278x300.jpg 278w, https:\/\/djoglobal.ch\/wp-content\/uploads\/2025\/05\/Brochure_LightForce_France_Chattanooga_FR-768x829.jpg 768w, https:\/\/djoglobal.ch\/wp-content\/uploads\/2025\/05\/Brochure_LightForce_France_Chattanooga_FR-510x550.jpg 510w, https:\/\/djoglobal.ch\/wp-content\/uploads\/2025\/05\/Brochure_LightForce_France_Chattanooga_FR.jpg 1078w\" sizes=\"auto, (max-width: 949px) 100vw, 949px\" \/>\t\t\t\t\t\t\n\t\t\t\t\t<\/div>\n\t\t\t\t\t\t\t\t\n<style>\n#image_1855348224 {\n  width: 80%;\n}\n<\/style>\n\t<\/div>\n\t\n\n\n\t\t<\/div>\n\t\t\t\t\t<\/div>\n\n\t\n\n\t<div id=\"col-881547493\" class=\"col medium-6 small-12 large-6\"  >\n\t\t\t\t<div class=\"col-inner text-left\"  >\n\t\t\t\n\t\t\t\n\n<p>Entdecken Sie die Zukunft der Therapie: Traktionsliege 6E und LightForce Hochenergielaser hautnah erleben!<\/p>\n<p style=\"text-align: left;\">Was erwartet Sie?<br \/>\u2022 Hands-On Erfahrung: Nutzen Sie die Gelegenheit, die Ger\u00e4te selbst auszuprobieren und deren Wirkung direkt zu erfahren.<br \/>\u2022 Expertenwissen: Dr. Pourtehrani, ein erfahrener Fachmann auf diesem Gebiet, wird seine wertvollen Erkenntnisse und bew\u00e4hrte Anwendungstechniken mit Ihnen teilen.<br \/>\u2022 Abrechnung leicht gemacht: Am Ende der Veranstaltung erhalten Sie umfassende Informationen \u00fcber das TARDOC-System und die verschiedenen Abrechnungsm\u00f6glichkeiten \u2013 f\u00fcr eine reibungslose Integration in Ihre Praxis.<\/p>\n<p>Ein besonderes Highlight: Testen Sie den LightForce Hochenergielaser (40 Watt) zwei Wochen lang kostenlos und \u00fcberzeugen Sie sich selbst von den herausragenden Ergebnissen!<\/p>\n<p>Verpassen Sie nicht die Chance, Ihre therapeutischen M\u00f6glichkeiten zu erweitern und Ihre Patienten noch effektiver zu behandeln! Wir freuen uns auf Ihre Teilnahme und auf einen inspirierenden Austausch.<\/p>\n<p>Wann: <br \/>Samstag, den 07. M\u00e4rz 2026 <br \/>Samstag, den 12. September 2026 jeweils von 09:00 bis 12:00 Uhr<\/p>\n<p>\u00a0<\/p>\n<a href=\"https:\/\/drive.google.com\/file\/d\/1O_Si0B7VXyiAMYS4qunCSgnGyYvdvCaL\/view?usp=sharing\" class=\"button primary\"  >\n    <span>PDF online to be downloaded<\/span>\n  <\/a>\n\n\n\n\t\t<\/div>\n\t\t\t\t\t<\/div>\n\n\t\n\n<\/div>\n\n\t\t<\/div>\n\n\t\t\n<style>\n#section_1938913704 {\n  padding-top: 60px;\n  padding-bottom: 60px;\n  background-color: rgb(193, 193, 193);\n}\n#section_1938913704 .section-bg-overlay {\n  background-color: rgba(255, 255, 255, 0.85);\n}\n<\/style>\n\t<\/section>\n\t\n<div class=\"text-center\"><div class=\"is-divider divider clearfix\" style=\"max-width:1500px;height:10px;background-color:rgb(27, 17, 17);\"><\/div><\/div>\n\n\t<section class=\"section\" id=\"section_246107369\">\n\t\t<div class=\"bg section-bg fill bg-fill  bg-loaded\" >\n\n\t\t\t\n\t\t\t\n\t\t\t\n\n\t\t<\/div>\n\n\t\t\n\n\t\t<div class=\"section-content relative\">\n\t\t\t\n\n<div class=\"row row-large align-center row-divided\"  id=\"row-714152406\">\n\n\n\t<div id=\"col-2016189764\" class=\"col medium-4 large-4\"  >\n\t\t\t\t<div class=\"col-inner\"  >\n\t\t\t\n\t\t\t\n\n\n\t\t<div class=\"icon-box featured-box icon-box-center text-center\"  style=\"margin:0px 0px 0px 0px;\">\n\t\t\t\t\t<div class=\"icon-box-img\" style=\"width: 60px\">\n\t\t\t\t<div class=\"icon\">\n\t\t\t\t\t<div class=\"icon-inner\" >\n\t\t\t\t\t\t<img loading=\"lazy\" decoding=\"async\" width=\"300\" height=\"300\" src=\"https:\/\/djoglobal.ch\/wp-content\/uploads\/2024\/02\/heart-attack-300x300.png\" class=\"attachment-medium size-medium\" alt=\"\" srcset=\"https:\/\/djoglobal.ch\/wp-content\/uploads\/2024\/02\/heart-attack-300x300.png 300w, https:\/\/djoglobal.ch\/wp-content\/uploads\/2024\/02\/heart-attack-510x510.png 510w, https:\/\/djoglobal.ch\/wp-content\/uploads\/2024\/02\/heart-attack-100x100.png 100w, https:\/\/djoglobal.ch\/wp-content\/uploads\/2024\/02\/heart-attack-150x150.png 150w, https:\/\/djoglobal.ch\/wp-content\/uploads\/2024\/02\/heart-attack.png 512w\" sizes=\"auto, (max-width: 300px) 100vw, 300px\" \/>\t\t\t\t\t<\/div>\n\t\t\t\t<\/div>\n\t\t\t<\/div>\n\t\t\t\t<div class=\"icon-box-text last-reset\">\n\t\t\t<h5 class=\"uppercase\">Vermietung<\/h5>\t\t\t\t\t\t\n\n<p>Mieten Sie eine sichere und gem\u00fctliche Einrichtung: Perfektionieren Sie Ihre Genesung und maximieren Sie die Wirksamkeit Ihrer Physiotherapie.<\/p>\n\n\t\t<\/div>\n\t<\/div>\n\t\n\t\n\n\t\t<\/div>\n\t\t\t\t\t<\/div>\n\n\t\n\n\t<div id=\"col-660198795\" class=\"col medium-4 large-4\"  >\n\t\t\t\t<div class=\"col-inner\"  >\n\t\t\t\n\t\t\t\n\n\n\t\t<div class=\"icon-box featured-box icon-box-center text-center\"  style=\"margin:0px 0px 0px 0px;\">\n\t\t\t\t\t<div class=\"icon-box-img\" style=\"width: 60px\">\n\t\t\t\t<div class=\"icon\">\n\t\t\t\t\t<div class=\"icon-inner\" >\n\t\t\t\t\t\t<img loading=\"lazy\" decoding=\"async\" width=\"300\" height=\"300\" src=\"https:\/\/djoglobal.ch\/wp-content\/uploads\/2024\/02\/presentation-300x300.png\" class=\"attachment-medium size-medium\" alt=\"\" srcset=\"https:\/\/djoglobal.ch\/wp-content\/uploads\/2024\/02\/presentation-300x300.png 300w, https:\/\/djoglobal.ch\/wp-content\/uploads\/2024\/02\/presentation-510x510.png 510w, https:\/\/djoglobal.ch\/wp-content\/uploads\/2024\/02\/presentation-100x100.png 100w, https:\/\/djoglobal.ch\/wp-content\/uploads\/2024\/02\/presentation-150x150.png 150w, https:\/\/djoglobal.ch\/wp-content\/uploads\/2024\/02\/presentation.png 512w\" sizes=\"auto, (max-width: 300px) 100vw, 300px\" \/>\t\t\t\t\t<\/div>\n\t\t\t\t<\/div>\n\t\t\t<\/div>\n\t\t\t\t<div class=\"icon-box-text last-reset\">\n\t\t\t<h5 class=\"uppercase\">Besuchen Sie<\/h5>\t\t\t\t\t\t\n\n<p>Erfahren Sie mehr \u00fcber die Termine unserer zuk\u00fcnftigen Kurse und den Inhalt des Ausbildungsprogramms f\u00fcr Physiotherapeuten.<\/p>\n\n\t\t<\/div>\n\t<\/div>\n\t\n\t\n\n\t\t<\/div>\n\t\t\t\t\t<\/div>\n\n\t\n\n\t<div id=\"col-658633090\" class=\"col medium-4 large-4\"  >\n\t\t\t\t<div class=\"col-inner\"  >\n\t\t\t\n\t\t\t\n\n\n\t\t<div class=\"icon-box featured-box icon-box-center text-center\"  style=\"margin:0px 0px 0px 0px;\">\n\t\t\t\t\t<div class=\"icon-box-img\" style=\"width: 60px\">\n\t\t\t\t<div class=\"icon\">\n\t\t\t\t\t<div class=\"icon-inner\" >\n\t\t\t\t\t\t<img loading=\"lazy\" decoding=\"async\" width=\"300\" height=\"300\" src=\"https:\/\/djoglobal.ch\/wp-content\/uploads\/2024\/02\/earth-globe-with-continents-maps-300x300.png\" class=\"attachment-medium size-medium\" alt=\"\" srcset=\"https:\/\/djoglobal.ch\/wp-content\/uploads\/2024\/02\/earth-globe-with-continents-maps-300x300.png 300w, https:\/\/djoglobal.ch\/wp-content\/uploads\/2024\/02\/earth-globe-with-continents-maps-510x510.png 510w, https:\/\/djoglobal.ch\/wp-content\/uploads\/2024\/02\/earth-globe-with-continents-maps-100x100.png 100w, https:\/\/djoglobal.ch\/wp-content\/uploads\/2024\/02\/earth-globe-with-continents-maps-150x150.png 150w, https:\/\/djoglobal.ch\/wp-content\/uploads\/2024\/02\/earth-globe-with-continents-maps.png 512w\" sizes=\"auto, (max-width: 300px) 100vw, 300px\" \/>\t\t\t\t\t<\/div>\n\t\t\t\t<\/div>\n\t\t\t<\/div>\n\t\t\t\t<div class=\"icon-box-text last-reset\">\n\t\t\t<h5 class=\"uppercase\">Vertriebspartner<\/h5>\t\t\t\t\t\t\n\n<p>Die an DJO Global angeschlossenen Marken in der Schweiz werden von privilegierten Partnern vertrieben, die sich um ihre Kunden k\u00fcmmern.<\/p>\n\n\t\t<\/div>\n\t<\/div>\n\t\n\t\n\n\t\t<\/div>\n\t\t\t\t\t<\/div>\n\n\t\n\n<\/div>\n\n\t\t<\/div>\n\n\t\t\n<style>\n#section_246107369 {\n  padding-top: 30px;\n  padding-bottom: 30px;\n  background-color: rgb(255, 255, 255);\n}\n<\/style>\n\t<\/section>\n\t\n<div class=\"message-box relative dark\" style=\"padding-top:36px;padding-bottom:36px;\"><div class=\"message-box-bg-image bg-fill fill\" ><\/div><div class=\"message-box-bg-overlay bg-fill fill\" style=\"background-color:rgb(200, 16, 46);\"><\/div><div class=\"container relative\"><div class=\"inner last-reset\">\n\n<div class=\"row align-middle\"  id=\"row-308276892\">\n\n\n\t<div id=\"col-679131839\" class=\"col medium-7 small-12 large-7\"  >\n\t\t\t\t<div class=\"col-inner\"  >\n\t\t\t\n\t\t\t\n\n<h2 class=\"uppercase\"><span style=\"font-size: 90%;\">Machen Sie den ersten Schritt zu Ihrem Wohlbefinden<\/span><\/h2>\n<p>Kontaktieren Sie uns noch heute und erfahren Sie, wie unsere L\u00f6sungen Ihren Weg ins Gesundheitswesen ver\u00e4ndern k\u00f6nnen. Ein Team von Experten erwartet Sie, um Sie zu einem erf\u00fcllteren und schmerzfreieren Leben zu f\u00fchren.<\/p>\n\t<div id=\"gap-1450730523\" class=\"gap-element clearfix show-for-small\" style=\"display:block; height:auto;\">\n\t\t\n<style>\n#gap-1450730523 {\n  padding-top: 30px;\n}\n<\/style>\n\t<\/div>\n\t\n\n\n\t\t<\/div>\n\t\t\t\t\t<\/div>\n\n\t\n\n\t<div id=\"col-1713460248\" class=\"col medium-5 small-12 large-5\"  >\n\t\t\t\t<div class=\"col-inner text-right\"  >\n\t\t\t\n\t\t\t\n\n<a data-animate=\"flipInY\" href=\"https:\/\/djoglobal.ch\/de\/kontakt\/\" class=\"button white is-outline is-larger\"  >\n    <span>Kontaktieren Sie uns<\/span>\n  <\/a>\n\n\n\n\t\t<\/div>\n\t\t\t\t\t<\/div>\n\n\t\n\n<\/div>\n\n<\/div><\/div><\/div>\n\n<div class=\"is-divider divider clearfix\" ><\/div>\n\n\n","protected":false},"excerpt":{"rendered":"","protected":false},"author":4,"featured_media":0,"parent":0,"menu_order":0,"comment_status":"closed","ping_status":"closed","template":"page-blank.php","meta":{"footnotes":""},"class_list":["post-29203","page","type-page","status-publish","hentry"],"_links":{"self":[{"href":"https:\/\/djoglobal.ch\/de\/wp-json\/wp\/v2\/pages\/29203","targetHints":{"allow":["GET"]}}],"collection":[{"href":"https:\/\/djoglobal.ch\/de\/wp-json\/wp\/v2\/pages"}],"about":[{"href":"https:\/\/djoglobal.ch\/de\/wp-json\/wp\/v2\/types\/page"}],"author":[{"embeddable":true,"href":"https:\/\/djoglobal.ch\/de\/wp-json\/wp\/v2\/users\/4"}],"replies":[{"embeddable":true,"href":"https:\/\/djoglobal.ch\/de\/wp-json\/wp\/v2\/comments?post=29203"}],"version-history":[{"count":5,"href":"https:\/\/djoglobal.ch\/de\/wp-json\/wp\/v2\/pages\/29203\/revisions"}],"predecessor-version":[{"id":31441,"href":"https:\/\/djoglobal.ch\/de\/wp-json\/wp\/v2\/pages\/29203\/revisions\/31441"}],"wp:attachment":[{"href":"https:\/\/djoglobal.ch\/de\/wp-json\/wp\/v2\/media?parent=29203"}],"curies":[{"name":"wp","href":"https:\/\/api.w.org\/{rel}","templated":true}]}}