{"id":29644,"date":"2024-02-13T01:58:46","date_gmt":"2024-02-13T00:58:46","guid":{"rendered":"https:\/\/prod.djoglobal.ch\/produit\/cefar-peristim-pro-vom-typ-tens\/"},"modified":"2025-07-28T09:39:12","modified_gmt":"2025-07-28T07:39:12","slug":"cefar-peristim-pro-vom-typ-tens","status":"publish","type":"product","link":"https:\/\/djoglobal.ch\/de\/produit\/cefar-peristim-pro-vom-typ-tens\/","title":{"rendered":"Chattanooga TENS"},"content":{"rendered":"<div class=\"row\"  id=\"row-435596374\"><\/div>\n\n\t<div id=\"col-219820658\" class=\"col medium-6 small-12 large-6\"  >\n\t\t\t\t<div class=\"col-inner\"  >\n\t\t\t\n\t\t\t\t\t<\/div>\n\t\t\t\t\t<\/div>\n\n\t\n<div class=\"headline no-margin\"><\/div>\n<h2 style=\"text-align: center;\">Wie funktioniert der Kaufprozess?<\/h2>\n<h2 style=\"text-align: center;\">Der Arzt verschreibt ein TENS-Ger\u00e4t.<\/h2>\n<div><\/div>\n<div>Der Patient oder die medizinische Fachkraft bestellt per E-Mail an compex.ch@enovis.com. Wir senden das Ger\u00e4t anschlie\u00dfend zusammen mit einer Rechnung \u00fcber CHF 144.00 (+10.90 Versand) an den Patienten oder die medizinische Fachkraft. Die Rechnung ist innerhalb von 30 Tagen zahlbar. Zusammen mit der Rechnung und dem Rezept reicht der Patient die Rechnung bei seiner Krankenkasse zur Erstattung ein. Diese Erstattung wird gem\u00e4ss Artikel 09.02.01.00.1 der Lima (Liste der Zusatzger\u00e4te der Sant\u00e9 Suisse) zu 100 % \u00fcbernommen.<\/div>\n<p>&nbsp;<\/p>\n","protected":false},"excerpt":{"rendered":"<p>Chattanooga hat den brandneuen 2-Kanal-Elektrostimulator Chattanooga TENS entwickelt! Es wird von Physiotherapeuten zur Behandlung von chronischen Schmerzen und zur Schmerzlinderung empfohlen. Es handelt sich um eine nicht-medikament\u00f6se Behandlung, die also keine Nebenwirkungen hat und deren Wirksamkeit bereits mit dem Vorg\u00e4ngermodell Cefar Primo Pro bewiesen wurde.<\/p>\n","protected":false},"featured_media":29780,"template":"","meta":[],"product_brand":[],"product_cat":[57],"product_tag":[],"class_list":{"0":"post-29644","1":"product","2":"type-product","3":"status-publish","4":"has-post-thumbnail","6":"product_cat-vermietung","8":"first","9":"instock","10":"taxable","11":"shipping-taxable","12":"product-type-simple"},"_links":{"self":[{"href":"https:\/\/djoglobal.ch\/de\/wp-json\/wp\/v2\/product\/29644","targetHints":{"allow":["GET"]}}],"collection":[{"href":"https:\/\/djoglobal.ch\/de\/wp-json\/wp\/v2\/product"}],"about":[{"href":"https:\/\/djoglobal.ch\/de\/wp-json\/wp\/v2\/types\/product"}],"wp:featuredmedia":[{"embeddable":true,"href":"https:\/\/djoglobal.ch\/de\/wp-json\/wp\/v2\/media\/29780"}],"wp:attachment":[{"href":"https:\/\/djoglobal.ch\/de\/wp-json\/wp\/v2\/media?parent=29644"}],"wp:term":[{"taxonomy":"product_brand","embeddable":true,"href":"https:\/\/djoglobal.ch\/de\/wp-json\/wp\/v2\/product_brand?post=29644"},{"taxonomy":"product_cat","embeddable":true,"href":"https:\/\/djoglobal.ch\/de\/wp-json\/wp\/v2\/product_cat?post=29644"},{"taxonomy":"product_tag","embeddable":true,"href":"https:\/\/djoglobal.ch\/de\/wp-json\/wp\/v2\/product_tag?post=29644"}],"curies":[{"name":"wp","href":"https:\/\/api.w.org\/{rel}","templated":true}]}}