{"id":30064,"date":"2024-03-12T16:10:56","date_gmt":"2024-03-12T15:10:56","guid":{"rendered":"https:\/\/prod.djoglobal.ch\/produit\/cefar-peristim-pro\/"},"modified":"2025-07-29T09:24:58","modified_gmt":"2025-07-29T07:24:58","slug":"cefar-peristim-pro","status":"publish","type":"product","link":"https:\/\/djoglobal.ch\/de\/produit\/cefar-peristim-pro\/","title":{"rendered":"Cefar Peristim PRO"},"content":{"rendered":"<h1 style=\"text-align: center;\">Wie funktioniert der Kaufprozess?<\/h1>\n<h1 style=\"text-align: center;\">Der Arzt verschreibt die Miete eines urogyn\u00e4kologischen TENS- oder PERISTIM PRO-Ger\u00e4ts und gibt dabei die Dauer und die Behandlungsziele an.<\/h1>\n<div><\/div>\n<div>Der Patient oder die medizinische Fachkraft bestellt per E-Mail an compex.ch@enovis.com. Wir senden das Ger\u00e4t anschlie\u00dfend zusammen mit einer Rechnung \u00fcber CHF 144.00 (+10.90 Versand) an den Patienten oder die medizinische Fachkraft. Die Rechnung ist innerhalb von 30 Tagen zahlbar. Zusammen mit der Rechnung und dem Rezept sendet der Patient diese zur Erstattung an seine Krankenkasse. Die Kosten\u00fcbernahme erfolgt zu 100 % gem\u00e4\u00df Artikel 09.02.01.00.1 der Lima (Liste der Zusatzger\u00e4te der Sant\u00e9 Suisse).<\/div>\n<p>&nbsp;<\/p>\n","protected":false},"excerpt":{"rendered":"<p>Das Cefar Peristim PRO erm\u00f6glicht die Anwendung von Elektrostimulationsbehandlungen bei der perinealen Rehabilitation. Entwickelt, um die Probleme der Belastungsinkontinenz und der Blaseninstabilit\u00e4t zu l\u00f6sen und vor allem den Beckenboden zu st\u00e4rken.<\/p>\n<p>&nbsp;<\/p>\n","protected":false},"featured_media":30741,"template":"","meta":[],"product_brand":[],"product_cat":[57],"product_tag":[],"class_list":{"0":"post-30064","1":"product","2":"type-product","3":"status-publish","4":"has-post-thumbnail","6":"product_cat-vermietung","8":"first","9":"instock","10":"taxable","11":"shipping-taxable","12":"product-type-simple"},"_links":{"self":[{"href":"https:\/\/djoglobal.ch\/de\/wp-json\/wp\/v2\/product\/30064","targetHints":{"allow":["GET"]}}],"collection":[{"href":"https:\/\/djoglobal.ch\/de\/wp-json\/wp\/v2\/product"}],"about":[{"href":"https:\/\/djoglobal.ch\/de\/wp-json\/wp\/v2\/types\/product"}],"wp:featuredmedia":[{"embeddable":true,"href":"https:\/\/djoglobal.ch\/de\/wp-json\/wp\/v2\/media\/30741"}],"wp:attachment":[{"href":"https:\/\/djoglobal.ch\/de\/wp-json\/wp\/v2\/media?parent=30064"}],"wp:term":[{"taxonomy":"product_brand","embeddable":true,"href":"https:\/\/djoglobal.ch\/de\/wp-json\/wp\/v2\/product_brand?post=30064"},{"taxonomy":"product_cat","embeddable":true,"href":"https:\/\/djoglobal.ch\/de\/wp-json\/wp\/v2\/product_cat?post=30064"},{"taxonomy":"product_tag","embeddable":true,"href":"https:\/\/djoglobal.ch\/de\/wp-json\/wp\/v2\/product_tag?post=30064"}],"curies":[{"name":"wp","href":"https:\/\/api.w.org\/{rel}","templated":true}]}}