{"id":30192,"date":"2024-04-12T00:23:55","date_gmt":"2024-04-11T22:23:55","guid":{"rendered":"https:\/\/prod.djoglobal.ch\/?post_type=product&#038;p=30192"},"modified":"2024-04-12T15:28:18","modified_gmt":"2024-04-12T13:28:18","slug":"chattanooga-cefar-tens-copie","status":"publish","type":"product","link":"https:\/\/djoglobal.ch\/de\/produit\/chattanooga-cefar-tens-copie\/","title":{"rendered":"CHATTANOOGA\u00ae CEFAR BASIC TENS"},"content":{"rendered":"<div class=\"row\"  id=\"row-1943843279\">\n\n\t<div id=\"col-421870821\" class=\"col small-12 large-12\"  >\n\t\t\t\t<div class=\"col-inner\"  >\n\t\t\t\n\t\t\t\n<p>Das Chattanooga TENS bietet zehn vorgew\u00e4hlte Behandlungsprogramme gegen Schmerzen, darunter konventionelles TENS, BURST, pulsbreitenmoduliertes TENS, Mischfrequenz, Cefar\u00ae Flow TENS und Stimulation zur Behandlung von \u00dcbelkeit. Das Chattanooga TENS kann im Elektroakupunkturmodus verwendet werden. Er ist die s<span style=\"color: #333333; font-size: 14.4px;\">\u00f6sung f\u00fcr die Behandlung zu Hause. Die c<\/span><span style=\"color: #333333; font-size: 14.4px;\">Schnelles und vollst\u00e4ndiges Aufladen in weniger als 90 Minuten, was je nach Art des Programms und der verwendeten Intensit\u00e4t eine Behandlungsdauer von mehr als 10 Stunden erm\u00f6glicht.<\/span><\/p>\n<p><em><strong>3 Jahre Garantie.<\/strong><\/em><\/p>\n<p>&nbsp;<\/p>\n\t\t<\/div>\n\t\t\t\t\t<\/div>\n\n\t\n<\/div>\n<div class=\"row\"  id=\"row-1259330884\">\n\n\t<div id=\"col-943039504\" class=\"col small-12 large-12\"  >\n\t\t\t\t<div class=\"col-inner\"  >\n\t\t\t\n\t\t\t\n<div class=\"headline no-margin\">\n<h3 style=\"text-align: center;\">Wie funktioniert das Mieten?<\/h3>\n<\/div>\n<p style=\"text-align: center;\">Der Arzt verschreibt die Miete eines uro-gyn\u00e4kologischen TENS-Ger\u00e4ts und gibt die Dauer und die Ziele der Behandlung an.<\/p>\n<p style=\"text-align: center;\">Der Patient oder die medizinische Fachkraft f\u00fcllt das Online-Bestellformular aus und akzeptiert die Allgemeinen Gesch\u00e4ftsbedingungen f\u00fcr den Verleih. Wir k\u00fcmmern uns dann um den Versand des Ger\u00e4ts an den Patienten oder das Gesundheitspersonal.<\/p>\n<a href=\"https:\/\/djoglobal.ch\/wp-content\/uploads\/2024\/03\/COMPEX_Contrat.pdf\" target=\"_blank\" class=\"button primary is-outline is-smaller\" rel=\"noopener\"  >\n    <span>Vertrag herunterladen (pdf beigef\u00fcgt)<\/span>\n  <\/a>\n\n<a href=\"https:\/\/djoglobal.ch\/wp-content\/uploads\/2024\/03\/TENS_Prescription_medicale.pdf\" class=\"button primary is-outline is-smaller\"  >\n    <span>Download der \u00e4rztlichen Verschreibung (PDF beigef\u00fcgt)<\/span>\n  <\/a>\n\n\t\t<\/div>\n\t\t\t\t\t<\/div>\n\n\t\n<\/div>\n","protected":false},"excerpt":{"rendered":"<p>Chattanooga hat den brandneuen 2-Kanal-Elektrostimulator Chattanooga TENS entwickelt! Es wird von Physiotherapeuten zur Behandlung von chronischen Schmerzen und zur Schmerzlinderung empfohlen. Es handelt sich um eine nicht-medikament\u00f6se Behandlung, die also keine Nebenwirkungen hat und deren Wirksamkeit bereits mit dem Vorg\u00e4ngermodell Cefar Primo Pro bewiesen wurde.<\/p>\n","protected":false},"featured_media":30249,"template":"","meta":[],"product_brand":[],"product_cat":[75,82],"product_tag":[],"class_list":{"0":"post-30192","1":"product","2":"type-product","3":"status-publish","4":"has-post-thumbnail","6":"product_cat-produkte","7":"product_cat-tragbare-elektrotherapie","9":"first","10":"instock","11":"taxable","12":"shipping-taxable","13":"product-type-simple"},"_links":{"self":[{"href":"https:\/\/djoglobal.ch\/de\/wp-json\/wp\/v2\/product\/30192","targetHints":{"allow":["GET"]}}],"collection":[{"href":"https:\/\/djoglobal.ch\/de\/wp-json\/wp\/v2\/product"}],"about":[{"href":"https:\/\/djoglobal.ch\/de\/wp-json\/wp\/v2\/types\/product"}],"wp:featuredmedia":[{"embeddable":true,"href":"https:\/\/djoglobal.ch\/de\/wp-json\/wp\/v2\/media\/30249"}],"wp:attachment":[{"href":"https:\/\/djoglobal.ch\/de\/wp-json\/wp\/v2\/media?parent=30192"}],"wp:term":[{"taxonomy":"product_brand","embeddable":true,"href":"https:\/\/djoglobal.ch\/de\/wp-json\/wp\/v2\/product_brand?post=30192"},{"taxonomy":"product_cat","embeddable":true,"href":"https:\/\/djoglobal.ch\/de\/wp-json\/wp\/v2\/product_cat?post=30192"},{"taxonomy":"product_tag","embeddable":true,"href":"https:\/\/djoglobal.ch\/de\/wp-json\/wp\/v2\/product_tag?post=30192"}],"curies":[{"name":"wp","href":"https:\/\/api.w.org\/{rel}","templated":true}]}}