{"id":30196,"date":"2024-04-12T00:24:38","date_gmt":"2024-04-11T22:24:38","guid":{"rendered":"https:\/\/prod.djoglobal.ch\/?post_type=product&#038;p=30196"},"modified":"2024-04-12T15:29:32","modified_gmt":"2024-04-12T13:29:32","slug":"chattanooga-cefar-rehab-x2-copie","status":"publish","type":"product","link":"https:\/\/djoglobal.ch\/de\/produit\/chattanooga-cefar-rehab-x2-copie\/","title":{"rendered":"CHATTANOOGA\u00ae CEFAR TENS"},"content":{"rendered":"<div class=\"row\"  id=\"row-2031915898\">\n\n\t<div id=\"col-516230056\" class=\"col small-12 large-12\"  >\n\t\t\t\t<div class=\"col-inner\"  >\n\t\t\t\n\t\t\t\n<p>Cefar Easy Touch\u2122: Automatische Intensit\u00e4tsanpassung &#8211; Mit einem einfachen Knopfdruck wird die Intensit\u00e4t automatisch eingestellt und entsprechend den Ergebnissen des Selbsttests angepasst. Cefar Easy Touch\u2122 erleichtert die Behandlung und gew\u00e4hrleistet eine Stimulation auf einem optimalen und effektiven Niveau.<\/p>\n<p>Display mit Hintergrundbeleuchtung: Das Cefar Basic hat ein gr\u00f6\u00dferes Display und die Hintergrundbeleuchtung erleichtert das Ablesen erheblich, auch bei schlechten Lichtverh\u00e4ltnissen in der Umgebung. Weitere Vorteile: Pausenfunktion, Programmverriegelung, Tastensperre, Nutzungsverfolgung, Selbstkontrolle.<\/p>\n<p>Zweij\u00e4hrige Garantie.<\/p>\n\t\t<\/div>\n\t\t\t\t\t<\/div>\n\n\t\n<\/div>\n<div class=\"row\"  id=\"row-559216409\">\n\n\t<div id=\"col-1206972300\" class=\"col small-12 large-12\"  >\n\t\t\t\t<div class=\"col-inner\"  >\n\t\t\t\n\t\t\t\n<div class=\"headline no-margin\">\n<h3 style=\"text-align: center;\">Wie funktioniert das Mieten?<\/h3>\n<\/div>\n<p style=\"text-align: center;\">Der Arzt verschreibt die Miete eines uro-gyn\u00e4kologischen TENS-Ger\u00e4ts und gibt die Dauer und die Ziele der Behandlung an.<\/p>\n<p style=\"text-align: center;\">Der Patient oder die medizinische Fachkraft f\u00fcllt das Online-Bestellformular aus und akzeptiert die Allgemeinen Gesch\u00e4ftsbedingungen f\u00fcr den Verleih. Wir k\u00fcmmern uns dann um den Versand des Ger\u00e4ts an den Patienten oder das Gesundheitspersonal.<\/p>\n<a href=\"https:\/\/djoglobal.ch\/wp-content\/uploads\/2024\/03\/COMPEX_Contrat.pdf\" target=\"_blank\" class=\"button primary is-outline is-smaller\" rel=\"noopener\"  >\n    <span>Vertrag herunterladen (pdf beigef\u00fcgt)<\/span>\n  <\/a>\n\n<a href=\"https:\/\/djoglobal.ch\/wp-content\/uploads\/2024\/03\/TENS_Prescription_medicale.pdf\" class=\"button primary is-outline is-smaller\"  >\n    <span>Download der \u00e4rztlichen Verschreibung (PDF beigef\u00fcgt)<\/span>\n  <\/a>\n\n\t\t<\/div>\n\t\t\t\t\t<\/div>\n\n\t\n<\/div>\n","protected":false},"excerpt":{"rendered":"<p>Cefar Basic bietet wesentliche TENS-Programme, die f\u00fcr verschiedene h\u00e4ufige Schmerzzust\u00e4nde entwickelt wurden. Dieses Ger\u00e4t beinhaltet drei voreingestellte Behandlungsoptionen: Konventionelle TENS, Salve TENS und Modulierte TENS (Pulsbreite). Es wird als Komplettpaket geliefert, das in mehreren Sprachen erh\u00e4ltlich ist (Deutsch, Englisch, Spanisch, Franz\u00f6sisch, Italienisch, Niederl\u00e4ndisch, Norwegisch und Schwedisch).<\/p>\n","protected":false},"featured_media":29776,"template":"","meta":[],"product_brand":[],"product_cat":[75,82],"product_tag":[],"class_list":{"0":"post-30196","1":"product","2":"type-product","3":"status-publish","4":"has-post-thumbnail","6":"product_cat-produkte","7":"product_cat-tragbare-elektrotherapie","9":"first","10":"instock","11":"taxable","12":"shipping-taxable","13":"product-type-simple"},"_links":{"self":[{"href":"https:\/\/djoglobal.ch\/de\/wp-json\/wp\/v2\/product\/30196","targetHints":{"allow":["GET"]}}],"collection":[{"href":"https:\/\/djoglobal.ch\/de\/wp-json\/wp\/v2\/product"}],"about":[{"href":"https:\/\/djoglobal.ch\/de\/wp-json\/wp\/v2\/types\/product"}],"wp:featuredmedia":[{"embeddable":true,"href":"https:\/\/djoglobal.ch\/de\/wp-json\/wp\/v2\/media\/29776"}],"wp:attachment":[{"href":"https:\/\/djoglobal.ch\/de\/wp-json\/wp\/v2\/media?parent=30196"}],"wp:term":[{"taxonomy":"product_brand","embeddable":true,"href":"https:\/\/djoglobal.ch\/de\/wp-json\/wp\/v2\/product_brand?post=30196"},{"taxonomy":"product_cat","embeddable":true,"href":"https:\/\/djoglobal.ch\/de\/wp-json\/wp\/v2\/product_cat?post=30196"},{"taxonomy":"product_tag","embeddable":true,"href":"https:\/\/djoglobal.ch\/de\/wp-json\/wp\/v2\/product_tag?post=30196"}],"curies":[{"name":"wp","href":"https:\/\/api.w.org\/{rel}","templated":true}]}}