{"id":29122,"date":"2017-02-16T09:17:12","date_gmt":"2017-02-16T08:17:12","guid":{"rendered":"https:\/\/prod.djoglobal.ch\/contact\/"},"modified":"2025-12-15T16:57:31","modified_gmt":"2025-12-15T15:57:31","slug":"contact","status":"publish","type":"page","link":"https:\/\/djoglobal.ch\/en\/contact\/","title":{"rendered":"CONTACT"},"content":{"rendered":"\n\t<section class=\"section\" id=\"section_1849362153\">\n\t\t<div class=\"bg section-bg fill bg-fill  bg-loaded\" >\n\n\t\t\t\n\t\t\t<div class=\"section-bg-overlay absolute fill\"><\/div>\n\t\t\t\n\t<div class=\"is-border\"\n\t\tstyle=\"border-width:1px 0px 1px 0px;\">\n\t<\/div>\n\n\t\t<\/div>\n\n\t\t\n\n\t\t<div class=\"section-content relative\">\n\t\t\t\n\n<div class=\"row row-large\"  id=\"row-1740749194\">\n\n\n\t<div id=\"col-256046161\" class=\"col medium-6 small-12 large-6\"  >\n\t\t\t\t<div class=\"col-inner\"  >\n\t\t\t\n\t\t\t\n\n\t<div class=\"img has-hover x md-x lg-x y md-y lg-y\" id=\"image_1093495706\">\n\t\t\t\t\t\t\t\t<div class=\"img-inner dark\" >\n\t\t\t<img loading=\"lazy\" decoding=\"async\" width=\"1020\" height=\"619\" src=\"https:\/\/djoglobal.ch\/wp-content\/uploads\/2024\/06\/Capture-decran-2024-06-30-a-17.26.34-1024x621.png\" class=\"attachment-large size-large\" alt=\"\" srcset=\"https:\/\/djoglobal.ch\/wp-content\/uploads\/2024\/06\/Capture-decran-2024-06-30-a-17.26.34-1024x621.png 1024w, https:\/\/djoglobal.ch\/wp-content\/uploads\/2024\/06\/Capture-decran-2024-06-30-a-17.26.34-300x182.png 300w, https:\/\/djoglobal.ch\/wp-content\/uploads\/2024\/06\/Capture-decran-2024-06-30-a-17.26.34-768x466.png 768w, https:\/\/djoglobal.ch\/wp-content\/uploads\/2024\/06\/Capture-decran-2024-06-30-a-17.26.34-1536x931.png 1536w, https:\/\/djoglobal.ch\/wp-content\/uploads\/2024\/06\/Capture-decran-2024-06-30-a-17.26.34-2048x1241.png 2048w, https:\/\/djoglobal.ch\/wp-content\/uploads\/2024\/06\/Capture-decran-2024-06-30-a-17.26.34-510x309.png 510w\" sizes=\"auto, (max-width: 1020px) 100vw, 1020px\" \/>\t\t\t\t\t\t\n\t\t\t\t\t<\/div>\n\t\t\t\t\t\t\t\t\n<style>\n#image_1093495706 {\n  width: 100%;\n}\n<\/style>\n\t<\/div>\n\t\n\n<h2 class=\"uppercase\">Our address<\/h2>\n<p>ENOVIS-DJO Global Switzerland S\u00e0rl<br \/>Chemin du D\u00e9vent 7<br \/>Z.I. &#8220;Larges Pi\u00e8ces&#8221; A<br \/>1024 Ecublens VD<\/p>\n<p>Customer service:<br \/>Tel: +41 (0)21 695 23 60<\/p>\n<p>compex.ch@enovis.com<\/p>\n\n\n\t\t<\/div>\n\t\t\t\t\n<style>\n#col-256046161 > .col-inner {\n  padding: 30px 30px 30px 30px;\n}\n<\/style>\n\t<\/div>\n\n\t\n\n\t<div id=\"col-885606779\" class=\"col medium-6 small-12 large-6\"  >\n\t\t\t\t<div class=\"col-inner text-left\"  >\n\t\t\t\n\t\t\t\n\n<h2 class=\"uppercase\">Opening hours for visits to our offices<\/h2>\n<p>Monday to Thursday: 8:00 &#8211; 12:00 \/ 13:30 &#8211; 17:30<br \/>Friday: 8:00 &#8211; 12:00 \/ 13:30 &#8211; 16:30<br \/>Saturday \/ Sunday: Closed<\/p>\n<p>Telephone line<\/p>\n<p>Monday to Thursday 8:00 &#8211; 12:00 \/ 13:30 &#8211; 16:30  <br \/>Friday 8:00 &#8211; 12:00 \/ 13.30 &#8211; 16:30<\/p>\n<p>Open Times Year End Period<\/p>\n<p>22.12 &#8211; 31.12.2025, 8-12, 1330-1630<br \/>\n25.12.25 closed<br \/>\n26.12.25 reception closed. Contact by phone or mail.<\/p>\n\n\n\t\t<\/div>\n\t\t\t\t\n<style>\n#col-885606779 > .col-inner {\n  padding: 30px 30px 30px 30px;\n}\n<\/style>\n\t<\/div>\n\n\t\n\n<\/div>\n\n\t\t<\/div>\n\n\t\t\n<style>\n#section_1849362153 {\n  padding-top: 60px;\n  padding-bottom: 60px;\n  background-color: rgb(193, 193, 193);\n}\n#section_1849362153 .section-bg-overlay {\n  background-color: rgba(255, 255, 255, 0.85);\n}\n<\/style>\n\t<\/section>\n\t\n\t<section class=\"section\" id=\"section_261456421\">\n\t\t<div class=\"bg section-bg fill bg-fill  bg-loaded\" >\n\n\t\t\t\n\t\t\t<div class=\"section-bg-overlay absolute fill\"><\/div>\n\t\t\t\n\n\t\t<\/div>\n\n\t\t\n\n\t\t<div class=\"section-content relative\">\n\t\t\t\n\n<div class=\"row row-large\"  id=\"row-445438480\">\n\n\n\t<div id=\"col-1756549560\" class=\"col medium-6 small-12 large-6\"  >\n\t\t\t\t<div class=\"col-inner text-left\"  >\n\t\t\t\n\t\t\t\n\n<h2 class=\"uppercase\">Your Opinion Account :<\/h2>\n<h2 class=\"uppercase\">Leave us a Message<\/h2>\n<p>Don&#8217;t hesitate to share your thoughts and questions with us. Your feedback is invaluable in improving our services and better meeting your expectations. Leave us a message, and together we&#8217;ll make things happen.<\/p>\n\n\t\t<\/div>\n\t\t\t\t\t<\/div>\n\n\t\n\n\t<div id=\"col-626770511\" class=\"col medium-6 small-12 large-6\"  >\n\t\t\t\t<div class=\"col-inner text-left\"  >\n\t\t\t\n\t\t\t\n\n<div class=\"forminator-ui forminator-custom-form forminator-custom-form-29472 forminator-design--default  forminator_ajax\" data-forminator-render=\"0\" data-form=\"forminator-module-29472\" data-uid=\"69da21dd62891\"><br\/><\/div><form\n\t\t\t\tid=\"forminator-module-29472\"\n\t\t\t\tclass=\"forminator-ui forminator-custom-form forminator-custom-form-29472 forminator-design--default  forminator_ajax\"\n\t\t\t\tmethod=\"post\"\n\t\t\t\tdata-forminator-render=\"0\"\n\t\t\t\tdata-form-id=\"29472\"\n\t\t\t\t data-color-option=\"default\" data-design=\"default\" data-grid=\"open\" style=\"display: none;\"\n\t\t\t\tdata-uid=\"69da21dd62891\"\n\t\t\t><div role=\"alert\" aria-live=\"polite\" class=\"forminator-response-message forminator-error\" aria-hidden=\"true\"><\/div><div class=\"forminator-row\"><div id=\"name-1\" class=\"forminator-field-name forminator-col forminator-col-12 \"><div class=\"forminator-field\"><label for=\"forminator-field-name-1_69da21dd62891\" id=\"forminator-field-name-1_69da21dd62891-label\" class=\"forminator-label\">Pr\u00e9nom <span class=\"forminator-required\">*<\/span><\/label><input type=\"text\" name=\"name-1\" value=\"\" placeholder=\"Par exemple\u00a0: Jean\" id=\"forminator-field-name-1_69da21dd62891\" class=\"forminator-input forminator-name--field\" aria-required=\"true\" autocomplete=\"name\" \/><\/div><\/div><\/div><div class=\"forminator-row\"><div id=\"email-1\" class=\"forminator-field-email forminator-col forminator-col-12 \"><div class=\"forminator-field\"><label for=\"forminator-field-email-1_69da21dd62891\" id=\"forminator-field-email-1_69da21dd62891-label\" class=\"forminator-label\">Adresse de messagerie <span class=\"forminator-required\">*<\/span><\/label><input type=\"email\" name=\"email-1\" value=\"\" placeholder=\"Par exemple\u00a0: jacques@martin.com\" id=\"forminator-field-email-1_69da21dd62891\" class=\"forminator-input forminator-email--field\" data-required=\"true\" aria-required=\"true\" autocomplete=\"email\" \/><\/div><\/div><\/div><div class=\"forminator-row\"><div id=\"phone-1\" class=\"forminator-field-phone forminator-col forminator-col-12 \"><div class=\"forminator-field\"><label for=\"forminator-field-phone-1_69da21dd62891\" id=\"forminator-field-phone-1_69da21dd62891-label\" class=\"forminator-label\">Num\u00e9ro de t\u00e9l\u00e9phone<\/label><input type=\"text\" name=\"phone-1\" value=\"\" placeholder=\"Par exemple\u00a0: +1 02 03 04 05\" id=\"forminator-field-phone-1_69da21dd62891\" class=\"forminator-input forminator-field--phone\" data-required=\"\" aria-required=\"false\" autocomplete=\"off\" \/><\/div><\/div><\/div><div class=\"forminator-row\"><div id=\"textarea-1\" class=\"forminator-field-textarea forminator-col forminator-col-12 \"><div class=\"forminator-field\"><label for=\"forminator-field-textarea-1_69da21dd62891\" id=\"forminator-field-textarea-1_69da21dd62891-label\" class=\"forminator-label\">Message<\/label><textarea name=\"textarea-1\" placeholder=\"Saisissez votre message\u2026\" id=\"forminator-field-textarea-1_69da21dd62891\" class=\"forminator-textarea\" rows=\"6\" style=\"min-height:140px;\" maxlength=\"180\" ><\/textarea><span id=\"forminator-field-textarea-1_69da21dd62891-description\" class=\"forminator-description\"><span data-limit=\"180\" data-type=\"characters\" data-editor=\"\">0 \/ 180<\/span><\/span><\/div><\/div><\/div><div class=\"forminator-row\"><div id=\"captcha-1\" class=\"forminator-field-captcha forminator-col forminator-col-12 \"><div class=\"forminator-captcha-left forminator-g-recaptcha recaptcha-invisible\" data-theme=\"light\" data-badge=\"bottomright\" data-sitekey=\"6LdMuAYqAAAAAEIU-gOWfL4HGqc2KNJUfdu4NTes\" data-size=\"invisible\"><\/div> <\/div><\/div><div class=\"forminator-row forminator-hidden\"><input type=\"hidden\" id=\"hidden-1_69da21dd62891\" name=\"hidden-1\" value=\"CONTACT\" \/><\/div><input type=\"hidden\" name=\"referer_url\" value=\"\" \/><div class=\"forminator-row forminator-row-last\"><div class=\"forminator-col\"><div class=\"forminator-field\"><button class=\"forminator-button forminator-button-submit\">Envoyer le message<\/button><\/div><\/div><\/div><input type=\"hidden\" id=\"forminator_nonce\" name=\"forminator_nonce\" value=\"eec3c59aef\" \/><input type=\"hidden\" name=\"_wp_http_referer\" value=\"\/en\/wp-json\/wp\/v2\/pages\/29122\" \/><input type=\"hidden\" name=\"form_id\" value=\"29472\"><input type=\"hidden\" name=\"page_id\" value=\"29122\"><input type=\"hidden\" name=\"form_type\" value=\"default\"><input type=\"hidden\" name=\"current_url\" value=\"https:\/\/djoglobal.ch\/en\/contact\/\"><input type=\"hidden\" name=\"render_id\" value=\"0\"><input type=\"hidden\" name=\"action\" value=\"forminator_submit_form_custom-forms\"><\/form>\n\n\t\t<\/div>\n\t\t\t\t\t<\/div>\n\n\t\n\n\t<div id=\"col-718709377\" class=\"col medium-6 small-12 large-6\"  >\n\t\t\t\t<div class=\"col-inner\"  >\n\t\t\t\n\t\t\t\n\n\t<div class=\"img has-hover x md-x lg-x y md-y lg-y\" id=\"image_1379665588\">\n\t\t\t\t\t\t\t\t<div class=\"img-inner box-shadow-2 dark\" >\n\t\t\t\t\t\t\t\t\t\n\t\t\t\t\t<\/div>\n\t\t\t\t\t\t\t\t\n<style>\n#image_1379665588 {\n  width: 100%;\n}\n<\/style>\n\t<\/div>\n\t\n\n\n\t\t<\/div>\n\t\t\t\t\t<\/div>\n\n\t\n\n<\/div>\n\n\t\t<\/div>\n\n\t\t\n<style>\n#section_261456421 {\n  padding-top: 60px;\n  padding-bottom: 60px;\n  background-color: rgb(255, 255, 255);\n}\n#section_261456421 .section-bg-overlay {\n  background-color: rgba(255, 255, 255, 0.85);\n}\n<\/style>\n\t<\/section>\n\t\n<div class=\"message-box relative dark\" style=\"padding-top:36px;padding-bottom:36px;\"><div class=\"message-box-bg-image bg-fill fill\" ><\/div><div class=\"message-box-bg-overlay bg-fill fill\" style=\"background-color:rgb(200, 16, 46);\"><\/div><div class=\"container relative\"><div class=\"inner last-reset\">\n\n<div class=\"row align-middle\"  id=\"row-188557074\">\n\n\n\t<div id=\"col-1269452148\" class=\"col medium-7 small-12 large-7\"  >\n\t\t\t\t<div class=\"col-inner\"  >\n\t\t\t\n\t\t\t\n\n<h2 class=\"uppercase\"><span style=\"font-size: 90%;\">Take the First Step Towards Your Well-Being<\/span><\/h2>\n<p>Contact us today and discover how our solutions can transform your healthcare journey. A team of experts is waiting to guide you towards a more fulfilling, pain-free life.<\/p>\n\t<div id=\"gap-453672\" class=\"gap-element clearfix show-for-small\" style=\"display:block; height:auto;\">\n\t\t\n<style>\n#gap-453672 {\n  padding-top: 30px;\n}\n<\/style>\n\t<\/div>\n\t\n\n\n\t\t<\/div>\n\t\t\t\t\t<\/div>\n\n\t\n\n\t<div id=\"col-1632090320\" class=\"col medium-5 small-12 large-5\"  >\n\t\t\t\t<div class=\"col-inner text-right\"  >\n\t\t\t\n\t\t\t\n\n<a data-animate=\"flipInY\" href=\"https:\/\/djoglobal.ch\/en\/contact\/\" class=\"button white is-outline is-larger\"  >\n    <span>Contact us<\/span>\n  <\/a>\n\n\n\n\t\t<\/div>\n\t\t\t\t\t<\/div>\n\n\t\n\n<\/div>\n\n<\/div><\/div><\/div>\n\n\n","protected":false},"excerpt":{"rendered":"","protected":false},"author":4,"featured_media":0,"parent":0,"menu_order":0,"comment_status":"closed","ping_status":"closed","template":"page-blank.php","meta":{"footnotes":""},"class_list":["post-29122","page","type-page","status-publish","hentry"],"_links":{"self":[{"href":"https:\/\/djoglobal.ch\/en\/wp-json\/wp\/v2\/pages\/29122","targetHints":{"allow":["GET"]}}],"collection":[{"href":"https:\/\/djoglobal.ch\/en\/wp-json\/wp\/v2\/pages"}],"about":[{"href":"https:\/\/djoglobal.ch\/en\/wp-json\/wp\/v2\/types\/page"}],"author":[{"embeddable":true,"href":"https:\/\/djoglobal.ch\/en\/wp-json\/wp\/v2\/users\/4"}],"replies":[{"embeddable":true,"href":"https:\/\/djoglobal.ch\/en\/wp-json\/wp\/v2\/comments?post=29122"}],"version-history":[{"count":5,"href":"https:\/\/djoglobal.ch\/en\/wp-json\/wp\/v2\/pages\/29122\/revisions"}],"predecessor-version":[{"id":31385,"href":"https:\/\/djoglobal.ch\/en\/wp-json\/wp\/v2\/pages\/29122\/revisions\/31385"}],"wp:attachment":[{"href":"https:\/\/djoglobal.ch\/en\/wp-json\/wp\/v2\/media?parent=29122"}],"curies":[{"name":"wp","href":"https:\/\/api.w.org\/{rel}","templated":true}]}}