{"id":29189,"date":"2017-02-20T10:13:21","date_gmt":"2017-02-20T09:13:21","guid":{"rendered":"https:\/\/prod.djoglobal.ch\/rental\/"},"modified":"2025-01-12T08:07:47","modified_gmt":"2025-01-12T07:07:47","slug":"rental","status":"publish","type":"page","link":"https:\/\/djoglobal.ch\/en\/rental\/","title":{"rendered":"Rental"},"content":{"rendered":"\n\t<section class=\"section\" id=\"section_3885966\">\n\t\t<div class=\"bg section-bg fill bg-fill  bg-loaded\" >\n\n\t\t\t\n\t\t\t<div class=\"section-bg-overlay absolute fill\"><\/div>\n\t\t\t\n\t<div class=\"is-border\"\n\t\tstyle=\"border-width:1px 0px 1px 0px;\">\n\t<\/div>\n\n\t\t<\/div>\n\n\t\t\n\n\t\t<div class=\"section-content relative\">\n\t\t\t\n\n<div class=\"row row-large align-middle\"  id=\"row-1210855603\">\n\n\n\t<div id=\"col-510841235\" class=\"col medium-6 small-12 large-6\"  >\n\t\t\t\t<div class=\"col-inner text-center\"  >\n\t\t\t\n\t\t\t\n\n\t<div class=\"img has-hover x md-x lg-x y md-y lg-y\" id=\"image_724599107\">\n\t\t\t\t\t\t\t\t<div class=\"img-inner image-cover box-shadow-2 dark\" style=\"padding-top:75%;\">\n\t\t\t<img loading=\"lazy\" decoding=\"async\" width=\"272\" height=\"300\" src=\"https:\/\/djoglobal.ch\/wp-content\/uploads\/2024\/05\/Brochure_Location_FR-272x300.jpg\" class=\"attachment-medium size-medium\" alt=\"\" srcset=\"https:\/\/djoglobal.ch\/wp-content\/uploads\/2024\/05\/Brochure_Location_FR-272x300.jpg 272w, https:\/\/djoglobal.ch\/wp-content\/uploads\/2024\/05\/Brochure_Location_FR.jpg 463w\" sizes=\"auto, (max-width: 272px) 100vw, 272px\" \/>\t\t\t\t\t\t\n\t\t\t\t\t<\/div>\n\t\t\t\t\t\t\t\t\n<style>\n#image_724599107 {\n  width: 80%;\n}\n<\/style>\n\t<\/div>\n\t\n\n\n\t\t<\/div>\n\t\t\t\t\t<\/div>\n\n\t\n\n\t<div id=\"col-1192135158\" class=\"col medium-6 small-12 large-6\"  >\n\t\t\t\t<div class=\"col-inner text-left\"  >\n\t\t\t\n\t\t\t\n\n\t<div id=\"text-1386484353\" class=\"text\">\n\t\t\n\n<h2 style=\"text-align: left;\">L&#8217;\u00e9lectrostimulation pour votre r\u00e9\u00e9ducation<\/h2>\n<p style=\"text-align: left;\">L\u2019\u00e9lectrostimulation permet un travail cibl\u00e9 en fonction du type de traitement et de la pathologie concern\u00e9e En cas d\u2019atrophie, les fibres lentes sont stimul\u00e9es pour restaurer la circonf\u00e9rence du muscle. Par la suite, il est conseill\u00e9 de travailler sur le renforcement musculaire pour rendre \u00e9galement aux fibres rapides leur fonctionnalit\u00e9 d\u2019origine. Gr\u00e2ce \u00e0 sa collaboration avec des cliniques, les h\u00f4pitaux et les Centres de r\u00e9\u00e9ducation, Compex\/DJO a d\u00e9velopp\u00e9 des programmes sp\u00e9cifiques d\u2019\u00e9lectrostimulation pour des indications particuli\u00e8res.<\/p>\n\t\t\n<style>\n#text-1386484353 {\n  text-align: center;\n}\n<\/style>\n\t<\/div>\n\t\n\n\t\t<\/div>\n\t\t\t\t\t<\/div>\n\n\t\n\n<\/div>\n\n\t\t<\/div>\n\n\t\t\n<style>\n#section_3885966 {\n  padding-top: 60px;\n  padding-bottom: 60px;\n  background-color: rgb(193, 193, 193);\n}\n#section_3885966 .section-bg-overlay {\n  background-color: rgba(255, 255, 255, 0.85);\n}\n<\/style>\n\t<\/section>\n\t\n<div class=\"row align-middle\"  id=\"row-849712203\">\n\n\n\t<div id=\"col-224862548\" class=\"col medium-6 small-12 large-6\"  >\n\t\t\t\t<div class=\"col-inner\"  >\n\t\t\t\n\t\t\t\n\n\t<div id=\"text-3265120316\" class=\"text\">\n\t\t\n\n<h2><strong>Avantage de l\u2019\u00e9lectrostimulation en compl\u00e9ment d\u2019une physioth\u00e9rapie classique<\/strong><\/h2>\n<p>Avec l\u2019\u00e9lectrostimulation, le travail musculaire impos\u00e9 aux fibres musculaires est plus important qu\u2019en physioth\u00e9rapie classique. Elle permet donc au physioth\u00e9rapeute d\u2019\u00eatre plus r\u00e9actif envers le patient lors du traitement classique. Le travail des muscles n\u2019est que faiblement limit\u00e9 par des contraintes articulaires ou osseuses. De plus, la charge de travail n\u2019est pas volontairement ralentie. La r\u00e9\u00e9ducation est donc plus efficace et plus rapide.<br \/><br \/><\/p>\n\t\t\n<style>\n#text-3265120316 {\n  text-align: left;\n}\n<\/style>\n\t<\/div>\n\t\n<a href=\"https:\/\/djoglobal.ch\/produit\/compex-3\/\" class=\"button primary box-shadow-2 box-shadow-3-hover lowercase\"  style=\"border-radius:30px;\">\n    <span>En savoir plus<\/span>\n  <\/a>\n\n\n\n\t\t<\/div>\n\t\t\t\t\t<\/div>\n\n\t\n\n\t<div id=\"col-161856338\" class=\"col medium-6 small-12 large-6\"  >\n\t\t\t\t<div class=\"col-inner text-center\"  >\n\t\t\t\n\t\t\t\n\n\t<div class=\"img has-hover x md-x lg-x y md-y lg-y\" id=\"image_935340408\">\n\t\t\t\t\t\t\t\t<div class=\"img-inner image-cover dark\" style=\"padding-top:75%;\">\n\t\t\t<img loading=\"lazy\" decoding=\"async\" width=\"666\" height=\"997\" src=\"https:\/\/djoglobal.ch\/wp-content\/uploads\/2024\/06\/flyer_location_11122012-4-pages-A5-cpx3.jpg\" class=\"attachment-medium_large size-medium_large\" alt=\"\" srcset=\"https:\/\/djoglobal.ch\/wp-content\/uploads\/2024\/06\/flyer_location_11122012-4-pages-A5-cpx3.jpg 666w, https:\/\/djoglobal.ch\/wp-content\/uploads\/2024\/06\/flyer_location_11122012-4-pages-A5-cpx3-200x300.jpg 200w, https:\/\/djoglobal.ch\/wp-content\/uploads\/2024\/06\/flyer_location_11122012-4-pages-A5-cpx3-510x763.jpg 510w\" sizes=\"auto, (max-width: 666px) 100vw, 666px\" \/>\t\t\t\t\t\t\n\t\t\t\t\t<\/div>\n\t\t\t\t\t\t\t\t\n<style>\n#image_935340408 {\n  width: 80%;\n}\n<\/style>\n\t<\/div>\n\t\n\n\n\t\t<\/div>\n\t\t\t\t\t<\/div>\n\n\t\n\n<\/div>\n<div class=\"row align-middle\"  id=\"row-987092563\">\n\n\n\t<div id=\"col-1954165710\" class=\"col medium-6 small-12 large-6\"  >\n\t\t\t\t<div class=\"col-inner text-center\"  >\n\t\t\t\n\t\t\t\n\n\t<div class=\"img has-hover x md-x lg-x y md-y lg-y\" id=\"image_570831586\">\n\t\t\t\t\t\t\t\t<div class=\"img-inner image-cover dark\" style=\"padding-top:75%;\">\n\t\t\t<img loading=\"lazy\" decoding=\"async\" width=\"373\" height=\"560\" src=\"https:\/\/djoglobal.ch\/wp-content\/uploads\/2024\/02\/API_1480-EXP-INT_CEFAR__Lady_using_Peristim_Pro_.jpg\" class=\"attachment-large size-large\" alt=\"\" srcset=\"https:\/\/djoglobal.ch\/wp-content\/uploads\/2024\/02\/API_1480-EXP-INT_CEFAR__Lady_using_Peristim_Pro_.jpg 373w, https:\/\/djoglobal.ch\/wp-content\/uploads\/2024\/02\/API_1480-EXP-INT_CEFAR__Lady_using_Peristim_Pro_-200x300.jpg 200w\" sizes=\"auto, (max-width: 373px) 100vw, 373px\" \/>\t\t\t\t\t\t\n\t\t\t\t\t<\/div>\n\t\t\t\t\t\t\t\t\n<style>\n#image_570831586 {\n  width: 80%;\n}\n<\/style>\n\t<\/div>\n\t\n\n\n\t\t<\/div>\n\t\t\t\t\t<\/div>\n\n\t\n\n\t<div id=\"col-2082907586\" class=\"col medium-6 small-12 large-6\"  >\n\t\t\t\t<div class=\"col-inner\"  >\n\t\t\t\n\t\t\t\n\n<h2 style=\"text-align: left;\">L&#8217;\u00e9lectrostimulation pour traiter l&#8217;incontinence<\/h2>\n<p>Nous offrons des appareils pour combattre activement les troubles uro-gyn\u00e9cologiques, diverses incontinences et soutenir la r\u00e9\u00e9ducation p\u00e9rin\u00e9ale.<\/p>\n<p>Le Cefar Peristim Pro dispose de 9 programmes pr\u00e9d\u00e9finis pour traiter l\u2019incontinence d&#8217;effort, l\u2019incontinence mixte, l\u2019incontinence par imp\u00e9riosit\u00e9, la douleur li\u00e9e \u00e0 des troubles urinaires (par exemple la cystite) et la stimulation du nerf tibial post\u00e9rieur.<\/p>\n<p>v\u00e9ritable r\u00e9f\u00e9rence dans la r\u00e9\u00e9ducation p\u00e9rin\u00e9ale \u00e0 domicile. Il peut \u00eatre utilis\u00e9 avec une sonde vaginale, une sonde anale ou avec des \u00e9lectrodes de surface.<\/p>\n<a href=\"https:\/\/djoglobal.ch\/produit\/cefar-peristim-pro\/\" class=\"button primary box-shadow-2 box-shadow-3-hover lowercase\"  style=\"border-radius:30px;\">\n    <span>En savoir plus<\/span>\n  <\/a>\n\n\n\n\t\t<\/div>\n\t\t\t\t\t<\/div>\n\n\t\n\n<\/div>\n<div class=\"row align-middle\"  id=\"row-1836022671\">\n\n\n\t<div id=\"col-1386185610\" class=\"col medium-6 small-12 large-6\"  >\n\t\t\t\t<div class=\"col-inner\"  >\n\t\t\t\n\t\t\t\n\n<h3>Le CEFAR CHATTANOOGA TENS<\/h3>\n<p>Le CEFAR CHATTANOOGA TENS est un appareil de th\u00e9rapie par \u00e9lectrostimulation. Il est con\u00e7u pour offrir un soulagement de la douleur gr\u00e2ce \u00e0 la stimulation \u00e9lectrique transcutan\u00e9e des nerfs (TENS). Il est g\u00e9n\u00e9ralement utilis\u00e9 pour soulager les douleurs musculaires et articulaires.<\/p>\n<p>Nouvelle g\u00e9n\u00e9ration d&#8217;appareil portable avec des fonctionnalit\u00e9s suppl\u00e9mentaires pour combiner les traitements TENS et\/ou ENDORPHINIQUE, 2 programmes en m\u00eame temps pour un gain de temps et d&#8217;efficacit\u00e9. Simple et facile \u00e0 utiliser les patients peuvent \u00eatre s\u00fbrs de prendre leur traitement en main tandis<\/p>\n<p>Pour les professionnels de la sant\u00e9, cela signifie des temps de r\u00e9cup\u00e9ration plus rapides et des s\u00e9jours plus courts pour les patients, moins de pression sur les ressources et moins d&#8217;utilisation d&#8217;analg\u00e9siques. Les patients peuvent donc b\u00e9n\u00e9ficier d&#8217;une r\u00e9duction de la douleur, d&#8217;une mobilit\u00e9 accrue et d&#8217;une plus grande ind\u00e9pendance.\u00a0<\/p>\n<a href=\"https:\/\/djoglobal.ch\/produit\/chattanooga-tens\/\" class=\"button primary box-shadow-2 box-shadow-3-hover lowercase\"  style=\"border-radius:30px;\">\n    <span>En savoir plus<\/span>\n  <\/a>\n\n\n\n\t\t<\/div>\n\t\t\t\t\t<\/div>\n\n\t\n\n\t<div id=\"col-770331054\" class=\"col medium-6 small-12 large-6\"  >\n\t\t\t\t<div class=\"col-inner text-center\"  >\n\t\t\t\n\t\t\t\n\n\t<div class=\"img has-hover x md-x lg-x y md-y lg-y\" id=\"image_124589925\">\n\t\t\t\t\t\t\t\t<div class=\"img-inner image-cover dark\" style=\"padding-top:75%;\">\n\t\t\t<img loading=\"lazy\" decoding=\"async\" width=\"700\" height=\"700\" src=\"https:\/\/djoglobal.ch\/wp-content\/uploads\/2024\/03\/stimulateur-musculaire-anti-douleur-cefar-tens-33025-chattanooga-1_700x700-3.jpg\" class=\"attachment-large size-large\" alt=\"\" srcset=\"https:\/\/djoglobal.ch\/wp-content\/uploads\/2024\/03\/stimulateur-musculaire-anti-douleur-cefar-tens-33025-chattanooga-1_700x700-3.jpg 700w, https:\/\/djoglobal.ch\/wp-content\/uploads\/2024\/03\/stimulateur-musculaire-anti-douleur-cefar-tens-33025-chattanooga-1_700x700-3-300x300.jpg 300w, https:\/\/djoglobal.ch\/wp-content\/uploads\/2024\/03\/stimulateur-musculaire-anti-douleur-cefar-tens-33025-chattanooga-1_700x700-3-150x150.jpg 150w, https:\/\/djoglobal.ch\/wp-content\/uploads\/2024\/03\/stimulateur-musculaire-anti-douleur-cefar-tens-33025-chattanooga-1_700x700-3-510x510.jpg 510w, https:\/\/djoglobal.ch\/wp-content\/uploads\/2024\/03\/stimulateur-musculaire-anti-douleur-cefar-tens-33025-chattanooga-1_700x700-3-100x100.jpg 100w\" sizes=\"auto, (max-width: 700px) 100vw, 700px\" \/>\t\t\t\t\t\t\n\t\t\t\t\t<\/div>\n\t\t\t\t\t\t\t\t\n<style>\n#image_124589925 {\n  width: 80%;\n}\n<\/style>\n\t<\/div>\n\t\n\n\n\t\t<\/div>\n\t\t\t\t\t<\/div>\n\n\t\n\n<\/div>\n\t<section class=\"section\" id=\"section_1789182192\">\n\t\t<div class=\"bg section-bg fill bg-fill  bg-loaded\" >\n\n\t\t\t\n\t\t\t\n\t\t\t\n\n\t\t<\/div>\n\n\t\t\n\n\t\t<div class=\"section-content relative\">\n\t\t\t\n\n<div class=\"row row-large align-center row-divided\"  id=\"row-1586073635\">\n\n\n\t<div id=\"col-798298232\" class=\"col medium-4 large-4\"  >\n\t\t\t\t<div class=\"col-inner\"  >\n\t\t\t\n\t\t\t\n\n\n\t\t<div class=\"icon-box featured-box icon-box-center text-center\"  style=\"margin:0px 0px 0px 0px;\">\n\t\t\t\t\t<div class=\"icon-box-img\" style=\"width: 60px\">\n\t\t\t\t<div class=\"icon\">\n\t\t\t\t\t<div class=\"icon-inner\" >\n\t\t\t\t\t\t<img loading=\"lazy\" decoding=\"async\" width=\"300\" height=\"300\" src=\"https:\/\/djoglobal.ch\/wp-content\/uploads\/2024\/02\/heart-attack-300x300.png\" class=\"attachment-medium size-medium\" alt=\"\" srcset=\"https:\/\/djoglobal.ch\/wp-content\/uploads\/2024\/02\/heart-attack-300x300.png 300w, https:\/\/djoglobal.ch\/wp-content\/uploads\/2024\/02\/heart-attack-510x510.png 510w, https:\/\/djoglobal.ch\/wp-content\/uploads\/2024\/02\/heart-attack-100x100.png 100w, https:\/\/djoglobal.ch\/wp-content\/uploads\/2024\/02\/heart-attack-150x150.png 150w, https:\/\/djoglobal.ch\/wp-content\/uploads\/2024\/02\/heart-attack.png 512w\" sizes=\"auto, (max-width: 300px) 100vw, 300px\" \/>\t\t\t\t\t<\/div>\n\t\t\t\t<\/div>\n\t\t\t<\/div>\n\t\t\t\t<div class=\"icon-box-text last-reset\">\n\t\t\t<h5 class=\"uppercase\">Rental<\/h5>\t\t\t\t\t\t\n\n<p>Rent a safe and cozy equipment: Perfect your convalescence and maximize the effectiveness of your physical therapy sessions.<\/p>\n\n\t\t<\/div>\n\t<\/div>\n\t\n\t\n\n\t\t<\/div>\n\t\t\t\t\t<\/div>\n\n\t\n\n\t<div id=\"col-8012285\" class=\"col medium-4 large-4\"  >\n\t\t\t\t<div class=\"col-inner\"  >\n\t\t\t\n\t\t\t\n\n\n\t\t<div class=\"icon-box featured-box icon-box-center text-center\"  style=\"margin:0px 0px 0px 0px;\">\n\t\t\t\t\t<div class=\"icon-box-img\" style=\"width: 60px\">\n\t\t\t\t<div class=\"icon\">\n\t\t\t\t\t<div class=\"icon-inner\" >\n\t\t\t\t\t\t<img loading=\"lazy\" decoding=\"async\" width=\"300\" height=\"300\" src=\"https:\/\/djoglobal.ch\/wp-content\/uploads\/2024\/02\/presentation-300x300.png\" class=\"attachment-medium size-medium\" alt=\"\" srcset=\"https:\/\/djoglobal.ch\/wp-content\/uploads\/2024\/02\/presentation-300x300.png 300w, https:\/\/djoglobal.ch\/wp-content\/uploads\/2024\/02\/presentation-510x510.png 510w, https:\/\/djoglobal.ch\/wp-content\/uploads\/2024\/02\/presentation-100x100.png 100w, https:\/\/djoglobal.ch\/wp-content\/uploads\/2024\/02\/presentation-150x150.png 150w, https:\/\/djoglobal.ch\/wp-content\/uploads\/2024\/02\/presentation.png 512w\" sizes=\"auto, (max-width: 300px) 100vw, 300px\" \/>\t\t\t\t\t<\/div>\n\t\t\t\t<\/div>\n\t\t\t<\/div>\n\t\t\t\t<div class=\"icon-box-text last-reset\">\n\t\t\t<h5 class=\"uppercase\">Visit<\/h5>\t\t\t\t\t\t\n\n<p>Discover the dates of our future courses and the content of our training program for physiotherapists.<\/p>\n\n\t\t<\/div>\n\t<\/div>\n\t\n\t\n\n\t\t<\/div>\n\t\t\t\t\t<\/div>\n\n\t\n\n\t<div id=\"col-1773795007\" class=\"col medium-4 large-4\"  >\n\t\t\t\t<div class=\"col-inner\"  >\n\t\t\t\n\t\t\t\n\n\n\t\t<div class=\"icon-box featured-box icon-box-center text-center\"  style=\"margin:0px 0px 0px 0px;\">\n\t\t\t\t\t<div class=\"icon-box-img\" style=\"width: 60px\">\n\t\t\t\t<div class=\"icon\">\n\t\t\t\t\t<div class=\"icon-inner\" >\n\t\t\t\t\t\t<img loading=\"lazy\" decoding=\"async\" width=\"300\" height=\"300\" src=\"https:\/\/djoglobal.ch\/wp-content\/uploads\/2024\/02\/earth-globe-with-continents-maps-300x300.png\" class=\"attachment-medium size-medium\" alt=\"\" srcset=\"https:\/\/djoglobal.ch\/wp-content\/uploads\/2024\/02\/earth-globe-with-continents-maps-300x300.png 300w, https:\/\/djoglobal.ch\/wp-content\/uploads\/2024\/02\/earth-globe-with-continents-maps-510x510.png 510w, https:\/\/djoglobal.ch\/wp-content\/uploads\/2024\/02\/earth-globe-with-continents-maps-100x100.png 100w, https:\/\/djoglobal.ch\/wp-content\/uploads\/2024\/02\/earth-globe-with-continents-maps-150x150.png 150w, https:\/\/djoglobal.ch\/wp-content\/uploads\/2024\/02\/earth-globe-with-continents-maps.png 512w\" sizes=\"auto, (max-width: 300px) 100vw, 300px\" \/>\t\t\t\t\t<\/div>\n\t\t\t\t<\/div>\n\t\t\t<\/div>\n\t\t\t\t<div class=\"icon-box-text last-reset\">\n\t\t\t<h5 class=\"uppercase\">Distributors<\/h5>\t\t\t\t\t\t\n\n<p>The brands affiliated to DJO Global in Switzerland are distributed by privileged partners who care about their customers.<\/p>\n\n\t\t<\/div>\n\t<\/div>\n\t\n\t\n\n\t\t<\/div>\n\t\t\t\t\t<\/div>\n\n\t\n\n<\/div>\n\n\t\t<\/div>\n\n\t\t\n<style>\n#section_1789182192 {\n  padding-top: 30px;\n  padding-bottom: 30px;\n  background-color: rgb(255, 255, 255);\n}\n<\/style>\n\t<\/section>\n\t\n\n<div class=\"message-box relative dark\" style=\"padding-top:36px;padding-bottom:36px;\"><div class=\"message-box-bg-image bg-fill fill\" ><\/div><div class=\"message-box-bg-overlay bg-fill fill\" style=\"background-color:rgb(200, 16, 46);\"><\/div><div class=\"container relative\"><div class=\"inner last-reset\">\n\n<div class=\"row align-middle\"  id=\"row-1028969433\">\n\n\n\t<div id=\"col-199480744\" class=\"col medium-7 small-12 large-7\"  >\n\t\t\t\t<div class=\"col-inner\"  >\n\t\t\t\n\t\t\t\n\n<h2 class=\"uppercase\"><span style=\"font-size: 90%;\">Take the First Step Towards Your Well-Being<\/span><\/h2>\n<p>Contact us today and discover how our solutions can transform your healthcare journey. A team of experts is waiting to guide you towards a more fulfilling, pain-free life.<\/p>\n\t<div id=\"gap-452790431\" class=\"gap-element clearfix show-for-small\" style=\"display:block; height:auto;\">\n\t\t\n<style>\n#gap-452790431 {\n  padding-top: 30px;\n}\n<\/style>\n\t<\/div>\n\t\n\n\n\t\t<\/div>\n\t\t\t\t\t<\/div>\n\n\t\n\n\t<div id=\"col-1183712887\" class=\"col medium-5 small-12 large-5\"  >\n\t\t\t\t<div class=\"col-inner text-right\"  >\n\t\t\t\n\t\t\t\n\n<a data-animate=\"flipInY\" href=\"https:\/\/djoglobal.ch\/en\/contact\/\" class=\"button white is-outline is-larger\"  >\n    <span>Contact us<\/span>\n  <\/a>\n\n\n\n\t\t<\/div>\n\t\t\t\t\t<\/div>\n\n\t\n\n<\/div>\n\n<\/div><\/div><\/div>\n\n\n","protected":false},"excerpt":{"rendered":"","protected":false},"author":4,"featured_media":0,"parent":0,"menu_order":0,"comment_status":"closed","ping_status":"closed","template":"page-blank.php","meta":{"footnotes":""},"class_list":["post-29189","page","type-page","status-publish","hentry"],"_links":{"self":[{"href":"https:\/\/djoglobal.ch\/en\/wp-json\/wp\/v2\/pages\/29189","targetHints":{"allow":["GET"]}}],"collection":[{"href":"https:\/\/djoglobal.ch\/en\/wp-json\/wp\/v2\/pages"}],"about":[{"href":"https:\/\/djoglobal.ch\/en\/wp-json\/wp\/v2\/types\/page"}],"author":[{"embeddable":true,"href":"https:\/\/djoglobal.ch\/en\/wp-json\/wp\/v2\/users\/4"}],"replies":[{"embeddable":true,"href":"https:\/\/djoglobal.ch\/en\/wp-json\/wp\/v2\/comments?post=29189"}],"version-history":[{"count":5,"href":"https:\/\/djoglobal.ch\/en\/wp-json\/wp\/v2\/pages\/29189\/revisions"}],"predecessor-version":[{"id":31178,"href":"https:\/\/djoglobal.ch\/en\/wp-json\/wp\/v2\/pages\/29189\/revisions\/31178"}],"wp:attachment":[{"href":"https:\/\/djoglobal.ch\/en\/wp-json\/wp\/v2\/media?parent=29189"}],"curies":[{"name":"wp","href":"https:\/\/api.w.org\/{rel}","templated":true}]}}