{"id":29119,"date":"2017-02-16T09:16:01","date_gmt":"2017-02-16T08:16:01","guid":{"rendered":"https:\/\/prod.djoglobal.ch\/formazione\/"},"modified":"2025-02-18T11:28:52","modified_gmt":"2025-02-18T10:28:52","slug":"formazione","status":"publish","type":"page","link":"https:\/\/djoglobal.ch\/it\/formazione\/","title":{"rendered":"Formazione"},"content":{"rendered":"\n\t<section class=\"section\" id=\"section_1362834179\">\n\t\t<div class=\"bg section-bg fill bg-fill  bg-loaded\" >\n\n\t\t\t\n\t\t\t<div class=\"section-bg-overlay absolute fill\"><\/div>\n\t\t\t\n\n\t\t<\/div>\n\n\t\t\n\n\t\t<div class=\"section-content relative\">\n\t\t\t\n\n<div class=\"row row-large align-middle\"  id=\"row-1460206423\">\n\n\n\t<div id=\"col-1476076886\" class=\"col medium-4 small-12 large-4\"  >\n\t\t\t\t<div class=\"col-inner dark\" style=\"background-color:#d62c2c;\" >\n\t\t\t\n\t\t\t\n\n\t<div id=\"text-2872869204\" class=\"text\">\n\t\t\n\n<h3><strong>OSPEDALE DI MARTIGNY<\/strong><\/h3>\n<h3><strong>SALA CONFERENZE &#8220;B<\/strong><\/h3>\n<h3><strong>RICOVERO D&#8217;EMERGENZA<\/strong><\/h3>\n<h3><br><strong>CANTINA<\/strong><\/h3>\n<p><br>Tutti i dettagli al momento della registrazione<\/p>\n\t\t\n<style>\n#text-2872869204 {\n  text-align: center;\n}\n<\/style>\n\t<\/div>\n\t\n\n\t\t<\/div>\n\t\t\t\t\n<style>\n#col-1476076886 > .col-inner {\n  padding: 20px 20px 20px 20px;\n}\n<\/style>\n\t<\/div>\n\n\t\n\n\t<div id=\"col-1563591022\" class=\"col medium-4 small-12 large-4\"  >\n\t\t\t\t<div class=\"col-inner dark\" style=\"background-color:#7a9c59;\" >\n\t\t\t\n\t\t\t\n\n\t<div id=\"text-343385804\" class=\"text\">\n\t\t\n\n<h3><strong>OSPEDALE DI MARTIGNY<\/strong><\/h3>\n<h3><strong>REPARTO DI FISIOTERAPIA<br><br><\/strong><\/h3>\n\t\t\n<style>\n#text-343385804 {\n  text-align: center;\n}\n<\/style>\n\t<\/div>\n\t\n\t<div class=\"img has-hover x md-x lg-x y md-y lg-y\" id=\"image_2117405170\">\n\t\t\t\t\t\t\t\t<div class=\"img-inner dark\" >\n\t\t\t<img loading=\"lazy\" decoding=\"async\" width=\"1020\" height=\"670\" src=\"https:\/\/djoglobal.ch\/wp-content\/uploads\/2024\/10\/FORMATION-MARTIGNY-QR-CODE-1-1024x673.png\" class=\"attachment-large size-large\" alt=\"\" srcset=\"https:\/\/djoglobal.ch\/wp-content\/uploads\/2024\/10\/FORMATION-MARTIGNY-QR-CODE-1-1024x673.png 1024w, https:\/\/djoglobal.ch\/wp-content\/uploads\/2024\/10\/FORMATION-MARTIGNY-QR-CODE-1-300x197.png 300w, https:\/\/djoglobal.ch\/wp-content\/uploads\/2024\/10\/FORMATION-MARTIGNY-QR-CODE-1-768x505.png 768w, https:\/\/djoglobal.ch\/wp-content\/uploads\/2024\/10\/FORMATION-MARTIGNY-QR-CODE-1-510x335.png 510w, https:\/\/djoglobal.ch\/wp-content\/uploads\/2024\/10\/FORMATION-MARTIGNY-QR-CODE-1.png 1257w\" sizes=\"auto, (max-width: 1020px) 100vw, 1020px\" \/>\t\t\t\t\t\t\n\t\t\t\t\t<\/div>\n\t\t\t\t\t\t\t\t\n<style>\n#image_2117405170 {\n  width: 100%;\n}\n<\/style>\n\t<\/div>\n\t\n\n\n\t\t<\/div>\n\t\t\t\t\n<style>\n#col-1563591022 > .col-inner {\n  padding: 20px 20px 20px 20px;\n}\n<\/style>\n\t<\/div>\n\n\t\n\n\t<div id=\"col-1301628993\" class=\"col medium-4 small-12 large-4\"  >\n\t\t\t\t<div class=\"col-inner dark\" style=\"background-color:#d62c2c;\" >\n\t\t\t\n\t\t\t\n\n\t<div id=\"text-396347305\" class=\"text\">\n\t\t\n\n<h3>ELETTROTERAPIA VALAIS Sabato 4 ottobre 2025<\/h3>\n<h3 class=\"uppercase\"><strong><br><br><br>8.00 accoglienza 8.30 inizio del corso 16.30 fine del corso<br><br><\/strong><\/h3>\n<h3><br>ATTENZIONE: MASSIMO 18 PARTECIPANTI <\/h3>\n\t\t\n<style>\n#text-396347305 {\n  text-align: center;\n}\n<\/style>\n\t<\/div>\n\t\n\n\t\t<\/div>\n\t\t\t\t\n<style>\n#col-1301628993 > .col-inner {\n  padding: 20px 20px 20px 20px;\n}\n<\/style>\n\t<\/div>\n\n\t\n\n\t<div id=\"col-1959681039\" class=\"col small-12 large-12\"  >\n\t\t\t\t<div class=\"col-inner text-left\"  >\n\t\t\t\n\t\t\t\n\n<p>Caro partner,<\/p>\n<p>Sia che si tratti di un servizio di trattamento a domicilio, sia che si tratti di un investimento in un dispositivo Compex o Chattanooga, riteniamo che sia importante che tu sia addestrato alla gestione dell&#8217;apparecchiatura e di tutte le sue possibilit\u00e0, <u>in modo da poter offrire ai tuoi pazienti il miglior trattamento possibile<\/u>.<\/p>\n<p>Ecco perch\u00e9 DJO Global Switzerland S\u00e0rl ti offre l&#8217;opportunit\u00e0 di formarti all&#8217;elettroterapia sotto la guida di <strong><em>Hedi Dimassi<\/em><\/strong>Fisioterapista e medico dell&#8217;Ospedale di Martigny.<\/p>\n<p><strong><u>Il programma<\/u><\/strong><\/p>\n<ul>\n<li><strong>Modello moderno di elettroterapia<\/strong><\/li>\n<li><strong>Applicazione dell&#8217;elettroterapia MI e MS (con laboratori pratici in gruppo)<\/strong><\/li>\n<li><strong>\u00c8 possibile utilizzare tutte le applicazioni antidolorifiche dell&#8217;elettroterapia (TENS, Endorphin, ecc.).<\/strong><\/li>\n<\/ul>\n<p>Scarica l&#8217;invito completo cliccando su questo link<\/p>\n<a href=\"https:\/\/drive.google.com\/file\/d\/1HtJnsPwuNrTBSKVFlKM91ImqJDA7qNNr\/view?usp=sharing\" class=\"button primary is-xlarge\"  style=\"border-radius:10px;\">\n    <span>Invito PDF FORMAZIONE MARTIGIANA<\/span>\n  <\/a>\n\n\n<div class=\"row align-bottom align-center\"  id=\"row-117894287\">\n\n\n\t<div id=\"col-1412058654\" class=\"col medium-8 small-12 large-8\"  >\n\t\t\t\t<div class=\"col-inner dark\"  >\n\t\t\t\n\t\t\t\n\n\t<div id=\"text-3387846790\" class=\"text\">\n\t\t\n\n<h3 class=\"uppercase\" style=\"text-align: left;\"><strong>INFORMAZIONI GENERALI<\/strong><\/h3>\n<ul>\n<li style=\"text-align: left;\">Registrati via email <a href=\"mailto:compex.ch@enovis.com\">compex.ch@enovis.com<\/a><\/li>\n<li style=\"text-align: left;\">Pagamento prima della formazione obbligatoria<\/li>\n<li style=\"text-align: left;\"><span style=\"font-size: 100%;\">La conferma del corso via e-mail sar\u00e0 inviata agli iscritti entro il 30.09.2025.<\/span><\/li>\n<\/ul>\n\t\t\n<style>\n#text-3387846790 {\n  text-align: center;\n  color: rgb(0,0,0);\n}\n#text-3387846790 > * {\n  color: rgb(0,0,0);\n}\n<\/style>\n\t<\/div>\n\t\n\n\t\t<\/div>\n\t\t\t\t\n<style>\n#col-1412058654 > .col-inner {\n  padding: 20px 20px 20px 20px;\n}\n<\/style>\n\t<\/div>\n\n\t\n\n\t<div id=\"col-564489705\" class=\"col medium-4 small-12 large-4\"  >\n\t\t\t\t<div class=\"col-inner dark\"  >\n\t\t\t\n\t\t\t\n\n\t<div class=\"img has-hover x md-x lg-x y md-y lg-y\" id=\"image_694140819\">\n\t\t\t\t\t\t\t\t<div class=\"img-inner dark\" >\n\t\t\t<img loading=\"lazy\" decoding=\"async\" width=\"1020\" height=\"670\" src=\"https:\/\/djoglobal.ch\/wp-content\/uploads\/2024\/10\/FORMATION-MARTIGNY-QR-CODE-1024x673.png\" class=\"attachment-large size-large\" alt=\"\" srcset=\"https:\/\/djoglobal.ch\/wp-content\/uploads\/2024\/10\/FORMATION-MARTIGNY-QR-CODE-1024x673.png 1024w, https:\/\/djoglobal.ch\/wp-content\/uploads\/2024\/10\/FORMATION-MARTIGNY-QR-CODE-300x197.png 300w, https:\/\/djoglobal.ch\/wp-content\/uploads\/2024\/10\/FORMATION-MARTIGNY-QR-CODE-768x505.png 768w, https:\/\/djoglobal.ch\/wp-content\/uploads\/2024\/10\/FORMATION-MARTIGNY-QR-CODE-510x335.png 510w, https:\/\/djoglobal.ch\/wp-content\/uploads\/2024\/10\/FORMATION-MARTIGNY-QR-CODE.png 1257w\" sizes=\"auto, (max-width: 1020px) 100vw, 1020px\" \/>\t\t\t\t\t\t\n\t\t\t\t\t<\/div>\n\t\t\t\t\t\t\t\t\n<style>\n#image_694140819 {\n  width: 100%;\n}\n<\/style>\n\t<\/div>\n\t\n\n\n\t\t<\/div>\n\t\t\t\t\n<style>\n#col-564489705 > .col-inner {\n  padding: 20px 20px 20px 20px;\n}\n<\/style>\n\t<\/div>\n\n\t\n\n<\/div>\n\n\t\t<\/div>\n\t\t\t\t\t<\/div>\n\n\t\n\n<\/div>\n\n\t\t<\/div>\n\n\t\t\n<style>\n#section_1362834179 {\n  padding-top: 60px;\n  padding-bottom: 60px;\n  background-color: rgb(255, 255, 255);\n}\n#section_1362834179 .section-bg-overlay {\n  background-color: rgba(255, 255, 255, 0.85);\n}\n<\/style>\n\t<\/section>\n\t\n\t<section class=\"section\" id=\"section_1441063387\">\n\t\t<div class=\"bg section-bg fill bg-fill  bg-loaded\" >\n\n\t\t\t\n\t\t\t<div class=\"section-bg-overlay absolute fill\"><\/div>\n\t\t\t\n\t<div class=\"is-border\"\n\t\tstyle=\"border-width:1px 0px 1px 0px;\">\n\t<\/div>\n\n\t\t<\/div>\n\n\t\t\n\n\t\t<div class=\"section-content relative\">\n\t\t\t\n\n<div class=\"row row-large align-middle\"  id=\"row-588434792\">\n\n\n\t<div id=\"col-2137052340\" class=\"col medium-6 small-12 large-6\"  >\n\t\t\t\t<div class=\"col-inner text-center\"  >\n\t\t\t\n\t\t\t\n\n\t<div class=\"img has-hover x md-x lg-x y md-y lg-y\" id=\"image_1130711412\">\n\t\t\t\t\t\t\t\t<div class=\"img-inner image-cover box-shadow-2 dark\" style=\"padding-top:75%;\">\n\t\t\t<img loading=\"lazy\" decoding=\"async\" width=\"1020\" height=\"765\" src=\"https:\/\/djoglobal.ch\/wp-content\/uploads\/2024\/04\/formation-loeche-1024x768.jpg\" class=\"attachment-large size-large\" alt=\"\" srcset=\"https:\/\/djoglobal.ch\/wp-content\/uploads\/2024\/04\/formation-loeche-1024x768.jpg 1024w, https:\/\/djoglobal.ch\/wp-content\/uploads\/2024\/04\/formation-loeche-300x225.jpg 300w, https:\/\/djoglobal.ch\/wp-content\/uploads\/2024\/04\/formation-loeche-768x576.jpg 768w, https:\/\/djoglobal.ch\/wp-content\/uploads\/2024\/04\/formation-loeche-1536x1152.jpg 1536w, https:\/\/djoglobal.ch\/wp-content\/uploads\/2024\/04\/formation-loeche-2048x1536.jpg 2048w, https:\/\/djoglobal.ch\/wp-content\/uploads\/2024\/04\/formation-loeche-510x383.jpg 510w\" sizes=\"auto, (max-width: 1020px) 100vw, 1020px\" \/>\t\t\t\t\t\t\n\t\t\t\t\t<\/div>\n\t\t\t\t\t\t\t\t\n<style>\n#image_1130711412 {\n  width: 80%;\n}\n<\/style>\n\t<\/div>\n\t\n\n\n\t\t<\/div>\n\t\t\t\t\t<\/div>\n\n\t\n\n\t<div id=\"col-1596639107\" class=\"col medium-6 small-12 large-6\"  >\n\t\t\t\t<div class=\"col-inner text-left\"  >\n\t\t\t\n\t\t\t\n\n<h2>Corsi di formazione per operatori sanitari: amplia le tue competenze e migliora la tua pratica con l&#8217;elettrostimolazione.<\/h2>\n<p>Formazione teorica e pratica sul funzionamento dell&#8217;elettrostimolazione, compreso il funzionamento dei diversi tipi di fibre muscolari, la loro tetanizzazione e la costruzione dei programmi Compex, con tempi di contrazione e tempi di riposo. La Legge di Lapique e i 21 protocolli per la massima efficienza.<\/p>\n\n\t\t<\/div>\n\t\t\t\t\t<\/div>\n\n\t\n\n<\/div>\n\n\t\t<\/div>\n\n\t\t\n<style>\n#section_1441063387 {\n  padding-top: 60px;\n  padding-bottom: 60px;\n  background-color: rgb(193, 193, 193);\n}\n#section_1441063387 .section-bg-overlay {\n  background-color: rgba(255, 255, 255, 0.85);\n}\n<\/style>\n\t<\/section>\n\t\n\t<section class=\"section\" id=\"section_1710148130\">\n\t\t<div class=\"bg section-bg fill bg-fill  bg-loaded\" >\n\n\t\t\t\n\t\t\t<div class=\"section-bg-overlay absolute fill\"><\/div>\n\t\t\t\n\n\t\t<\/div>\n\n\t\t\n\n\t\t<div class=\"section-content relative\">\n\t\t\t\n\n<div class=\"row row-large align-middle\"  id=\"row-928476330\">\n\n\n\t<div id=\"col-223149790\" class=\"col small-12 large-12\"  >\n\t\t\t\t<div class=\"col-inner text-left\"  >\n\t\t\t\n\t\t\t\n\n<h2 class=\"uppercase\">Formazione e aggiornamento per TUTTI<\/h2>\n<h5>Quota di iscrizione al corso: CHF 49.00 IVA inclusa; questa quota di iscrizione include :<\/h5>\n<ul>\n<li>\n<h5>Materiale formativo in PDF<\/h5>\n<\/li>\n<li>\n<h5>6 sacchetti di elettrodi del valore di 83,40 CHF (per i laboratori pratici)<\/h5>\n<\/li>\n<li>\n<h5>Porta con te stivali alti fino alla coscia per la parte pratica<\/h5>\n<\/li>\n<li>\n<h5>Certificato di partecipazione<\/h5>\n<\/li>\n<li>\n<h5>Durata del corso 3 ore<\/h5>\n<\/li>\n<\/ul>\n<div class=\"row\"  id=\"row-937542928\">\n\n\n\t<div id=\"col-1369038537\" class=\"col medium-4 small-12 large-4\"  >\n\t\t\t\t<div class=\"col-inner dark\" style=\"background-color:#d62c2c;\" >\n\t\t\t\n\t\t\t\n\n\t<div id=\"text-3374746009\" class=\"text\">\n\t\t\n\n<h3 class=\"uppercase\"><strong>DATE<\/strong><\/h3>\n<p><br><br><br><br><br><br><br>Gioved\u00ec 20 marzo 2025 Mercoled\u00ec 2 aprile 2025 Mercoled\u00ec 21 maggio 2025 Marted\u00ec 17 giugno 2025 Gioved\u00ec 28 agosto 2025 Marted\u00ec 30 settembre 2025 Mercoled\u00ec 16 ottobre 2025 Mercoled\u00ec 19 novembre 2025<\/p>\n\t\t\n<style>\n#text-3374746009 {\n  text-align: center;\n}\n<\/style>\n\t<\/div>\n\t\n\n\t\t<\/div>\n\t\t\t\t\n<style>\n#col-1369038537 > .col-inner {\n  padding: 20px 20px 20px 20px;\n}\n<\/style>\n\t<\/div>\n\n\t\n\n\t<div id=\"col-2045311296\" class=\"col medium-4 small-12 large-4\"  >\n\t\t\t\t<div class=\"col-inner dark\" style=\"background-color:#d62c2c;\" >\n\t\t\t\n\t\t\t\n\n\t<div id=\"text-68503928\" class=\"text\">\n\t\t\n\n<h3 class=\"uppercase\"><strong>Ore<\/strong><\/h3>\n\t\t\n<style>\n#text-68503928 {\n  text-align: center;\n}\n<\/style>\n\t<\/div>\n\t\n\t<div id=\"gap-1971909125\" class=\"gap-element clearfix hide-for-small\" style=\"display:block; height:auto;\">\n\t\t\n<style>\n#gap-1971909125 {\n  padding-top: 35%;\n}\n<\/style>\n\t<\/div>\n\t\n\n<p style=\"text-align: center;\">Dalle 18:00 alle 21:00<\/p>\n\t<div id=\"gap-1770050253\" class=\"gap-element clearfix hide-for-small\" style=\"display:block; height:auto;\">\n\t\t\n<style>\n#gap-1770050253 {\n  padding-top: 33%;\n}\n<\/style>\n\t<\/div>\n\t\n\n\n\t\t<\/div>\n\t\t\t\t\n<style>\n#col-2045311296 > .col-inner {\n  padding: 20px 20px 20px 20px;\n}\n<\/style>\n\t<\/div>\n\n\t\n\n\t<div id=\"col-1823460212\" class=\"col medium-4 small-12 large-4\"  >\n\t\t\t\t<div class=\"col-inner dark\" style=\"background-color:#d62c2c;\" >\n\t\t\t\n\t\t\t\n\n\t<div id=\"text-3662906162\" class=\"text\">\n\t\t\n\n<h3 class=\"uppercase\"><strong>Posizione<\/strong><\/h3>\n<p><br><br><br>Ufficio DJO Global Switzerland Chemin du D\u00e9vent 7 1024 Ecublens<\/p>\n<p><strong>2\u00b0 piano<\/strong><\/p>\n\t\t\n<style>\n#text-3662906162 {\n  text-align: center;\n}\n<\/style>\n\t<\/div>\n\t\n\t<div id=\"gap-1608744829\" class=\"gap-element clearfix hide-for-small\" style=\"display:block; height:auto;\">\n\t\t\n<style>\n#gap-1608744829 {\n  padding-top: 22%;\n}\n<\/style>\n\t<\/div>\n\t\n\n\n\t\t<\/div>\n\t\t\t\t\n<style>\n#col-1823460212 > .col-inner {\n  padding: 20px 20px 20px 20px;\n}\n<\/style>\n\t<\/div>\n\n\t\n\n<\/div>\n<div class=\"row align-bottom align-center\"  id=\"row-190504244\">\n\n\n\t<div id=\"col-1547142544\" class=\"col medium-8 small-12 large-8\"  >\n\t\t\t\t<div class=\"col-inner dark\"  >\n\t\t\t\n\t\t\t\n\n\t<div id=\"text-2508093068\" class=\"text\">\n\t\t\n\n<h3 class=\"uppercase\" style=\"text-align: left;\"><strong>INFORMAZIONI GENERALI<\/strong><\/h3>\n<ul>\n<li style=\"text-align: left;\">Registrazione obbligatoria: qui<\/li>\n<li style=\"text-align: left;\">Pagamento prima del corso tramite QR Code<\/li>\n<li style=\"text-align: left;\">Gli elettrodi e il certificato, inclusi nel pacchetto del corso, saranno consegnati durante la formazione presso la nostra sede.<\/li>\n<li style=\"text-align: left;\">Il corso deve essere frequentato da un minimo di 4 persone e da un massimo di 10 persone per data.<\/li>\n<li style=\"text-align: left;\"><span style=\"font-size: 100%;\">La conferma del corso via e-mail sar\u00e0 inviata qualche giorno prima della data scelta.  <\/span><\/li>\n<\/ul>\n\t\t\n<style>\n#text-2508093068 {\n  text-align: center;\n  color: rgb(0,0,0);\n}\n#text-2508093068 > * {\n  color: rgb(0,0,0);\n}\n<\/style>\n\t<\/div>\n\t\n\n\t\t<\/div>\n\t\t\t\t\n<style>\n#col-1547142544 > .col-inner {\n  padding: 20px 20px 20px 20px;\n}\n<\/style>\n\t<\/div>\n\n\t\n\n\t<div id=\"col-90916332\" class=\"col medium-4 small-12 large-4\"  >\n\t\t\t\t<div class=\"col-inner dark\"  >\n\t\t\t\n\t\t\t\n\n\t<div class=\"img has-hover x md-x lg-x y md-y lg-y\" id=\"image_567952599\">\n\t\t\t\t\t\t\t\t<div class=\"img-inner dark\" >\n\t\t\t<img loading=\"lazy\" decoding=\"async\" width=\"595\" height=\"1024\" src=\"https:\/\/djoglobal.ch\/wp-content\/uploads\/2024\/06\/Capture-decran-2024-06-26-a-21.28.11-595x1024.png\" class=\"attachment-large size-large\" alt=\"\" srcset=\"https:\/\/djoglobal.ch\/wp-content\/uploads\/2024\/06\/Capture-decran-2024-06-26-a-21.28.11-595x1024.png 595w, https:\/\/djoglobal.ch\/wp-content\/uploads\/2024\/06\/Capture-decran-2024-06-26-a-21.28.11-174x300.png 174w, https:\/\/djoglobal.ch\/wp-content\/uploads\/2024\/06\/Capture-decran-2024-06-26-a-21.28.11-768x1323.png 768w, https:\/\/djoglobal.ch\/wp-content\/uploads\/2024\/06\/Capture-decran-2024-06-26-a-21.28.11-510x878.png 510w, https:\/\/djoglobal.ch\/wp-content\/uploads\/2024\/06\/Capture-decran-2024-06-26-a-21.28.11.png 864w\" sizes=\"auto, (max-width: 595px) 100vw, 595px\" \/>\t\t\t\t\t\t\n\t\t\t\t\t<\/div>\n\t\t\t\t\t\t\t\t\n<style>\n#image_567952599 {\n  width: 64%;\n}\n<\/style>\n\t<\/div>\n\t\n\n\n\t\t<\/div>\n\t\t\t\t\n<style>\n#col-90916332 > .col-inner {\n  padding: 20px 20px 20px 20px;\n}\n<\/style>\n\t<\/div>\n\n\t\n\n<\/div>\n\n\t\t<\/div>\n\t\t\t\t\t<\/div>\n\n\t\n\n<\/div>\n\n\t\t<\/div>\n\n\t\t\n<style>\n#section_1710148130 {\n  padding-top: 60px;\n  padding-bottom: 60px;\n  background-color: rgb(255, 255, 255);\n}\n#section_1710148130 .section-bg-overlay {\n  background-color: rgba(255, 255, 255, 0.85);\n}\n<\/style>\n\t<\/section>\n\t\n\t<section class=\"section\" id=\"section_289464753\">\n\t\t<div class=\"bg section-bg fill bg-fill  bg-loaded\" >\n\n\t\t\t\n\t\t\t\n\t\t\t\n\n\t\t<\/div>\n\n\t\t\n\n\t\t<div class=\"section-content relative\">\n\t\t\t\n\n<div class=\"row row-large align-center row-divided\"  id=\"row-1497412518\">\n\n\n\t<div id=\"col-1807864184\" class=\"col medium-4 large-4\"  >\n\t\t\t\t<div class=\"col-inner\"  >\n\t\t\t\n\t\t\t\n\n\n\t\t<div class=\"icon-box featured-box icon-box-center text-center\"  style=\"margin:0px 0px 0px 0px;\">\n\t\t\t\t\t<div class=\"icon-box-img\" style=\"width: 60px\">\n\t\t\t\t<div class=\"icon\">\n\t\t\t\t\t<div class=\"icon-inner\" >\n\t\t\t\t\t\t<img loading=\"lazy\" decoding=\"async\" width=\"300\" height=\"300\" src=\"https:\/\/djoglobal.ch\/wp-content\/uploads\/2024\/02\/heart-attack-300x300.png\" class=\"attachment-medium size-medium\" alt=\"\" srcset=\"https:\/\/djoglobal.ch\/wp-content\/uploads\/2024\/02\/heart-attack-300x300.png 300w, https:\/\/djoglobal.ch\/wp-content\/uploads\/2024\/02\/heart-attack-510x510.png 510w, https:\/\/djoglobal.ch\/wp-content\/uploads\/2024\/02\/heart-attack-100x100.png 100w, https:\/\/djoglobal.ch\/wp-content\/uploads\/2024\/02\/heart-attack-150x150.png 150w, https:\/\/djoglobal.ch\/wp-content\/uploads\/2024\/02\/heart-attack.png 512w\" sizes=\"auto, (max-width: 300px) 100vw, 300px\" \/>\t\t\t\t\t<\/div>\n\t\t\t\t<\/div>\n\t\t\t<\/div>\n\t\t\t\t<div class=\"icon-box-text last-reset\">\n\t\t\t<h5 class=\"uppercase\">Noleggio<\/h5>\t\t\t\t\t\t\n\n<p>Noleggia un&#8217;attrezzatura sicura e accogliente: perfeziona la tua convalescenza e massimizza l&#8217;efficacia delle tue sessioni di fisioterapia.<\/p>\n\n\t\t<\/div>\n\t<\/div>\n\t\n\t\n\n\t\t<\/div>\n\t\t\t\t\t<\/div>\n\n\t\n\n\t<div id=\"col-1252200501\" class=\"col medium-4 large-4\"  >\n\t\t\t\t<div class=\"col-inner\"  >\n\t\t\t\n\t\t\t\n\n\n\t\t<div class=\"icon-box featured-box icon-box-center text-center\"  style=\"margin:0px 0px 0px 0px;\">\n\t\t\t\t\t<div class=\"icon-box-img\" style=\"width: 60px\">\n\t\t\t\t<div class=\"icon\">\n\t\t\t\t\t<div class=\"icon-inner\" >\n\t\t\t\t\t\t<img loading=\"lazy\" decoding=\"async\" width=\"300\" height=\"300\" src=\"https:\/\/djoglobal.ch\/wp-content\/uploads\/2024\/02\/presentation-300x300.png\" class=\"attachment-medium size-medium\" alt=\"\" srcset=\"https:\/\/djoglobal.ch\/wp-content\/uploads\/2024\/02\/presentation-300x300.png 300w, https:\/\/djoglobal.ch\/wp-content\/uploads\/2024\/02\/presentation-510x510.png 510w, https:\/\/djoglobal.ch\/wp-content\/uploads\/2024\/02\/presentation-100x100.png 100w, https:\/\/djoglobal.ch\/wp-content\/uploads\/2024\/02\/presentation-150x150.png 150w, https:\/\/djoglobal.ch\/wp-content\/uploads\/2024\/02\/presentation.png 512w\" sizes=\"auto, (max-width: 300px) 100vw, 300px\" \/>\t\t\t\t\t<\/div>\n\t\t\t\t<\/div>\n\t\t\t<\/div>\n\t\t\t\t<div class=\"icon-box-text last-reset\">\n\t\t\t<h5 class=\"uppercase\">Visita<\/h5>\t\t\t\t\t\t\n\n<p>Scopri le date dei nostri futuri corsi e i contenuti del programma di formazione per fisioterapisti.<\/p>\n\n\t\t<\/div>\n\t<\/div>\n\t\n\t\n\n\t\t<\/div>\n\t\t\t\t\t<\/div>\n\n\t\n\n\t<div id=\"col-163618109\" class=\"col medium-4 large-4\"  >\n\t\t\t\t<div class=\"col-inner\"  >\n\t\t\t\n\t\t\t\n\n\n\t\t<div class=\"icon-box featured-box icon-box-center text-center\"  style=\"margin:0px 0px 0px 0px;\">\n\t\t\t\t\t<div class=\"icon-box-img\" style=\"width: 60px\">\n\t\t\t\t<div class=\"icon\">\n\t\t\t\t\t<div class=\"icon-inner\" >\n\t\t\t\t\t\t<img loading=\"lazy\" decoding=\"async\" width=\"300\" height=\"300\" src=\"https:\/\/djoglobal.ch\/wp-content\/uploads\/2024\/02\/earth-globe-with-continents-maps-300x300.png\" class=\"attachment-medium size-medium\" alt=\"\" srcset=\"https:\/\/djoglobal.ch\/wp-content\/uploads\/2024\/02\/earth-globe-with-continents-maps-300x300.png 300w, https:\/\/djoglobal.ch\/wp-content\/uploads\/2024\/02\/earth-globe-with-continents-maps-510x510.png 510w, https:\/\/djoglobal.ch\/wp-content\/uploads\/2024\/02\/earth-globe-with-continents-maps-100x100.png 100w, https:\/\/djoglobal.ch\/wp-content\/uploads\/2024\/02\/earth-globe-with-continents-maps-150x150.png 150w, https:\/\/djoglobal.ch\/wp-content\/uploads\/2024\/02\/earth-globe-with-continents-maps.png 512w\" sizes=\"auto, (max-width: 300px) 100vw, 300px\" \/>\t\t\t\t\t<\/div>\n\t\t\t\t<\/div>\n\t\t\t<\/div>\n\t\t\t\t<div class=\"icon-box-text last-reset\">\n\t\t\t<h5 class=\"uppercase\">Distributori<\/h5>\t\t\t\t\t\t\n\n<p>I marchi affiliati a DJO Global in Svizzera sono distribuiti da partner privilegiati e attenti alle esigenze dei loro clienti.<\/p>\n\n\t\t<\/div>\n\t<\/div>\n\t\n\t\n\n\t\t<\/div>\n\t\t\t\t\t<\/div>\n\n\t\n\n<\/div>\n\n\t\t<\/div>\n\n\t\t\n<style>\n#section_289464753 {\n  padding-top: 30px;\n  padding-bottom: 30px;\n  background-color: rgb(255, 255, 255);\n}\n<\/style>\n\t<\/section>\n\t\n<div class=\"message-box relative dark\" style=\"padding-top:36px;padding-bottom:36px;\"><div class=\"message-box-bg-image bg-fill fill\" ><\/div><div class=\"message-box-bg-overlay bg-fill fill\" style=\"background-color:rgb(200, 16, 46);\"><\/div><div class=\"container relative\"><div class=\"inner last-reset\">\n\n<div class=\"row align-middle\"  id=\"row-134299812\">\n\n\n\t<div id=\"col-295678147\" class=\"col medium-7 small-12 large-7\"  >\n\t\t\t\t<div class=\"col-inner\"  >\n\t\t\t\n\t\t\t\n\n<h2 class=\"uppercase\"><span style=\"font-size: 90%;\">Fate il primo passo verso il vostro benessere<\/span><\/h2>\n<p>Contattateci oggi stesso per scoprire come le nostre soluzioni possono trasformare il vostro percorso sanitario. Un team di esperti vi aspetta per guidarvi verso una vita pi\u00f9 soddisfacente e priva di dolore.<\/p>\n\t<div id=\"gap-430427335\" class=\"gap-element clearfix show-for-small\" style=\"display:block; height:auto;\">\n\t\t\n<style>\n#gap-430427335 {\n  padding-top: 30px;\n}\n<\/style>\n\t<\/div>\n\t\n\n\n\t\t<\/div>\n\t\t\t\t\t<\/div>\n\n\t\n\n\t<div id=\"col-554250739\" class=\"col medium-5 small-12 large-5\"  >\n\t\t\t\t<div class=\"col-inner text-right\"  >\n\t\t\t\n\t\t\t\n\n<a data-animate=\"flipInY\" href=\"https:\/\/djoglobal.ch\/it\/contatto\/\" class=\"button white is-outline is-larger\"  >\n    <span>Contattateci<\/span>\n  <\/a>\n\n\n\n\t\t<\/div>\n\t\t\t\t\t<\/div>\n\n\t\n\n<\/div>\n\n<\/div><\/div><\/div>\n\n\n","protected":false},"excerpt":{"rendered":"","protected":false},"author":4,"featured_media":0,"parent":0,"menu_order":0,"comment_status":"closed","ping_status":"closed","template":"page-blank.php","meta":{"footnotes":""},"class_list":["post-29119","page","type-page","status-publish","hentry"],"_links":{"self":[{"href":"https:\/\/djoglobal.ch\/it\/wp-json\/wp\/v2\/pages\/29119","targetHints":{"allow":["GET"]}}],"collection":[{"href":"https:\/\/djoglobal.ch\/it\/wp-json\/wp\/v2\/pages"}],"about":[{"href":"https:\/\/djoglobal.ch\/it\/wp-json\/wp\/v2\/types\/page"}],"author":[{"embeddable":true,"href":"https:\/\/djoglobal.ch\/it\/wp-json\/wp\/v2\/users\/4"}],"replies":[{"embeddable":true,"href":"https:\/\/djoglobal.ch\/it\/wp-json\/wp\/v2\/comments?post=29119"}],"version-history":[{"count":5,"href":"https:\/\/djoglobal.ch\/it\/wp-json\/wp\/v2\/pages\/29119\/revisions"}],"predecessor-version":[{"id":31194,"href":"https:\/\/djoglobal.ch\/it\/wp-json\/wp\/v2\/pages\/29119\/revisions\/31194"}],"wp:attachment":[{"href":"https:\/\/djoglobal.ch\/it\/wp-json\/wp\/v2\/media?parent=29119"}],"curies":[{"name":"wp","href":"https:\/\/api.w.org\/{rel}","templated":true}]}}