{"id":29176,"date":"2017-02-16T09:13:19","date_gmt":"2017-02-16T08:13:19","guid":{"rendered":"https:\/\/prod.djoglobal.ch\/casa\/"},"modified":"2025-07-28T11:08:46","modified_gmt":"2025-07-28T09:08:46","slug":"casa","status":"publish","type":"page","link":"https:\/\/djoglobal.ch\/it\/","title":{"rendered":"Casa"},"content":{"rendered":"\n<div class=\"slider-wrapper relative\" id=\"slider-1620782616\" >\n    <div class=\"slider slider-nav-circle slider-nav-large slider-nav-light slider-style-normal\"\n        data-flickity-options='{\n            \"cellAlign\": \"center\",\n            \"imagesLoaded\": true,\n            \"lazyLoad\": 1,\n            \"freeScroll\": false,\n            \"wrapAround\": true,\n            \"autoPlay\": 6000,\n            \"pauseAutoPlayOnHover\" : true,\n            \"prevNextButtons\": true,\n            \"contain\" : true,\n            \"adaptiveHeight\" : true,\n            \"dragThreshold\" : 10,\n            \"percentPosition\": true,\n            \"pageDots\": true,\n            \"rightToLeft\": false,\n            \"draggable\": true,\n            \"selectedAttraction\": 0.1,\n            \"parallax\" : 0,\n            \"friction\": 0.6        }'\n        >\n        \n\n\n  <div class=\"banner has-hover\" id=\"banner-1053228962\">\n          <div class=\"banner-inner fill\">\n        <div class=\"banner-bg fill\" >\n            <div class=\"bg fill bg-fill \"><\/div>\n                                    \n                    <\/div>\n\t\t\n        <div class=\"banner-layers container\">\n            <div class=\"fill banner-link\"><\/div>            \n\n   <div id=\"text-box-887844660\" class=\"text-box banner-layer x0 md-x0 lg-x0 y50 md-y50 lg-y50 res-text\">\n                                <div class=\"text-box-content text dark\">\n              \n              <div class=\"text-inner text-center\">\n                  \n\n<h3 class=\"uppercase\" style=\"text-align: left;\"><strong>THERAPIE au laseR <br \/>UNIQUE<\/strong><\/h3>\n<p>\u00a0<\/p>\n\n              <\/div>\n           <\/div>\n                            \n<style>\n#text-box-887844660 {\n  width: 60%;\n}\n#text-box-887844660 .text-box-content {\n  font-size: 100%;\n}\n<\/style>\n    <\/div>\n \n\n        <\/div>\n      <\/div>\n\n            \n<style>\n#banner-1053228962 {\n  padding-top: 500px;\n}\n#banner-1053228962 .bg.bg-loaded {\n  background-image: url(https:\/\/djoglobal.ch\/wp-content\/uploads\/2024\/04\/XLI05312-1024x678.jpg);\n}\n<\/style>\n  <\/div>\n\n\n\n  <div class=\"banner has-hover\" id=\"banner-1028917521\">\n          <div class=\"banner-inner fill\">\n        <div class=\"banner-bg fill\" >\n            <div class=\"bg fill bg-fill \"><\/div>\n                                    \n                    <\/div>\n\t\t\n        <div class=\"banner-layers container\">\n            <div class=\"fill banner-link\"><\/div>            \n\n   <div id=\"text-box-659774600\" class=\"text-box banner-layer x5 md-x5 lg-x5 y70 md-y70 lg-y70 res-text\">\n                                <div class=\"text-box-content text dark text-shadow-5\">\n              \n              <div class=\"text-inner text-center\">\n                  \n\n<h3 class=\"uppercase\"><strong>Decouvrez les bienfaits de l&#8217;appareil Cefar chattanooga tens<\/strong><\/h3>\n\n              <\/div>\n           <\/div>\n                            \n<style>\n#text-box-659774600 {\n  width: 60%;\n}\n#text-box-659774600 .text-box-content {\n  font-size: 100%;\n}\n<\/style>\n    <\/div>\n \n\n        <\/div>\n      <\/div>\n\n            \n<style>\n#banner-1028917521 {\n  padding-top: 50%;\n}\n#banner-1028917521 .bg.bg-loaded {\n  background-image: url(https:\/\/djoglobal.ch\/wp-content\/uploads\/2024\/04\/DSC01440-scaled.jpg);\n}\n<\/style>\n  <\/div>\n\n\n\n  <div class=\"banner has-hover\" id=\"banner-532356851\">\n          <div class=\"banner-inner fill\">\n        <div class=\"banner-bg fill\" >\n            <div class=\"bg fill bg-fill \"><\/div>\n                                    \n                    <\/div>\n\t\t\n        <div class=\"banner-layers container\">\n            <div class=\"fill banner-link\"><\/div>            \n\n   <div id=\"text-box-832524122\" class=\"text-box banner-layer x0 md-x0 lg-x0 y25 md-y25 lg-y25 res-text\">\n                                <div class=\"text-box-content text dark text-shadow-5\">\n              \n              <div class=\"text-inner text-center\">\n                  \n\n\t<div id=\"text-3159181677\" class=\"text\">\n\t\t\n\n<h3 class=\"uppercase\"><strong>DECOUVREZ NOTRE SERVICE DE LOCATION<\/strong><\/h3>\n\t\t\n<style>\n#text-3159181677 {\n  font-size: 0.9rem;\n}\n<\/style>\n\t<\/div>\n\t\n\n              <\/div>\n           <\/div>\n                            \n<style>\n#text-box-832524122 {\n  width: 23%;\n}\n#text-box-832524122 .text-box-content {\n  font-size: 100%;\n}\n<\/style>\n    <\/div>\n \n\n        <\/div>\n      <\/div>\n\n            \n<style>\n#banner-532356851 {\n  padding-top: 40%;\n}\n#banner-532356851 .bg.bg-loaded {\n  background-image: url(https:\/\/djoglobal.ch\/wp-content\/uploads\/2024\/02\/competences_center-1024x1024.jpg);\n}\n<\/style>\n  <\/div>\n\n\n\n     <\/div>\n\n     <div class=\"loading-spin dark large centered\"><\/div>\n\n\t<\/div>\n\n\n\t<section class=\"section\" id=\"section_1725118732\">\n\t\t<div class=\"bg section-bg fill bg-fill  bg-loaded\" >\n\n\t\t\t\n\t\t\t<div class=\"section-bg-overlay absolute fill\"><\/div>\n\t\t\t\n\t<div class=\"is-border\"\n\t\tstyle=\"border-width:1px 0px 1px 0px;\">\n\t<\/div>\n\n\t\t<\/div>\n\n\t\t\n\n\t\t<div class=\"section-content relative\">\n\t\t\t\n\n<div class=\"row row-large align-middle\"  id=\"row-1072511640\">\n\n\n\t<div id=\"col-538193016\" class=\"col medium-6 small-12 large-6\"  >\n\t\t\t\t<div class=\"col-inner text-center\"  >\n\t\t\t\n\t\t\t\n\n\t<div class=\"img has-hover x md-x lg-x y md-y lg-y\" id=\"image_172972990\">\n\t\t\t\t\t\t\t\t<div class=\"img-inner image-cover box-shadow-2 dark\" style=\"padding-top:100%;\">\n\t\t\t<img loading=\"lazy\" decoding=\"async\" width=\"724\" height=\"1024\" src=\"https:\/\/djoglobal.ch\/wp-content\/uploads\/2024\/06\/flyer_location_11122012-4-pages-A5-724x1024.jpg\" class=\"attachment-large size-large\" alt=\"\" srcset=\"https:\/\/djoglobal.ch\/wp-content\/uploads\/2024\/06\/flyer_location_11122012-4-pages-A5-724x1024.jpg 724w, https:\/\/djoglobal.ch\/wp-content\/uploads\/2024\/06\/flyer_location_11122012-4-pages-A5-212x300.jpg 212w, https:\/\/djoglobal.ch\/wp-content\/uploads\/2024\/06\/flyer_location_11122012-4-pages-A5-768x1086.jpg 768w, https:\/\/djoglobal.ch\/wp-content\/uploads\/2024\/06\/flyer_location_11122012-4-pages-A5-1086x1536.jpg 1086w, https:\/\/djoglobal.ch\/wp-content\/uploads\/2024\/06\/flyer_location_11122012-4-pages-A5-1449x2048.jpg 1449w, https:\/\/djoglobal.ch\/wp-content\/uploads\/2024\/06\/flyer_location_11122012-4-pages-A5-510x721.jpg 510w, https:\/\/djoglobal.ch\/wp-content\/uploads\/2024\/06\/flyer_location_11122012-4-pages-A5-scaled.jpg 1811w\" sizes=\"auto, (max-width: 724px) 100vw, 724px\" \/>\t\t\t\t\t\t\n\t\t\t\t\t<\/div>\n\t\t\t\t\t\t\t\t\n<style>\n#image_172972990 {\n  width: 80%;\n}\n<\/style>\n\t<\/div>\n\t\n\n\n\t\t<\/div>\n\t\t\t\t\t<\/div>\n\n\t\n\n\t<div id=\"col-648070493\" class=\"col medium-6 small-12 large-6\"  >\n\t\t\t\t<div class=\"col-inner text-left\"  >\n\t\t\t\n\t\t\t\n\n<h2 class=\"uppercase\">Louez un appareil de r\u00e9habilitation<br \/>efficace s\u00fbr et confortable<\/h2>\n<p><strong>Am\u00e9liorez votre r\u00e9\u00e9ducation et optimisez vos s\u00e9ances de physioth\u00e9rapie.<\/strong><\/p>\n<ul>\n<li>\u00a0Regagner du volume musculaire<\/li>\n<li>Lutter contre les douleurs musculaires, articulaires, n\u00e9vralgiques&#8230;<\/li>\n<li>Pr\u00e9venir les troubles neuromoteurs<\/li>\n<\/ul>\n<a href=\"https:\/\/djoglobal.ch\/location\/\" class=\"button primary box-shadow-2 box-shadow-3-hover lowercase\"  style=\"border-radius:30px;\">\n    <span>En savoir plus<\/span>\n  <\/a>\n\n\n\n\t\t<\/div>\n\t\t\t\t\t<\/div>\n\n\t\n\n<\/div>\n\n\t\t<\/div>\n\n\t\t\n<style>\n#section_1725118732 {\n  padding-top: 60px;\n  padding-bottom: 60px;\n  background-color: rgb(193, 193, 193);\n}\n#section_1725118732 .section-bg-overlay {\n  background-color: rgba(255, 255, 255, 0.85);\n}\n<\/style>\n\t<\/section>\n\t\n\t<section class=\"section\" id=\"section_1356477628\">\n\t\t<div class=\"bg section-bg fill bg-fill  bg-loaded\" >\n\n\t\t\t\n\t\t\t<div class=\"section-bg-overlay absolute fill\"><\/div>\n\t\t\t\n\n\t\t<\/div>\n\n\t\t\n\n\t\t<div class=\"section-content relative\">\n\t\t\t\n\n<div class=\"row row-large align-middle\"  id=\"row-1948236137\">\n\n\n\t<div id=\"col-556785208\" class=\"col medium-6 small-12 large-6\"  >\n\t\t\t\t<div class=\"col-inner text-left\"  >\n\t\t\t\n\t\t\t\n\n<h1><span style=\"font-size: 95%;\">LA FORMATION : <\/span><br \/><span style=\"font-size: 95%;\">LE POINT FONDAMENTAL AVEC LES APPAREILS D&#8217;ELECTROSTIMULATION<\/span><\/h1>\n<p>Nous vous invitons volontiers \u00e0 l&#8217;une de nos formations dans nos locaux.<\/p>\n<p>Notre formation qui propose une partie th\u00e9orique + une grande partie d&#8217;ateliers pratiques, elle vous donnera tous les \u00e9l\u00e9ments sur le fonctionnement de l\u2019\u00e9lectrostimulation avec les modes de travail des diff\u00e9rentes types de fibres musculaires, leur t\u00e9tanisation, les chronaxies, la loi de Lapique, etc.<\/p>\n<p>Comment sont construits les programmes des Compex avec leur temps de contractions et leur temps de repos. Comment placer les \u00e9lectrodes, quelle position adopter pour chaque situation et aussi comment g\u00e9rer les intensit\u00e9s.<\/p>\n<p>Et bien entendu tous les protocoles consolid\u00e9s de ces 40 derni\u00e8res ann\u00e9es grace \u00e0 l&#8217;aide pr\u00e9cieuse de notre r\u00e9seau m\u00e9dical et plus particuli\u00e8rement des Physios du Sport pour une efficacit\u00e9 maximale.<\/p>\n<a href=\"https:\/\/djoglobal.ch\/portfolio\/\" class=\"button primary box-shadow-2 box-shadow-3-hover lowercase\"  style=\"border-radius:30px;\">\n    <span>En savoir plus<\/span>\n  <\/a>\n\n\n\n\t\t<\/div>\n\t\t\t\t\t<\/div>\n\n\t\n\n\t<div id=\"col-274086340\" class=\"col medium-6 small-12 large-6\"  >\n\t\t\t\t<div class=\"col-inner text-center\"  >\n\t\t\t\n\t\t\t\n\n\t<div class=\"img has-hover x md-x lg-x y md-y lg-y\" id=\"image_697139762\">\n\t\t\t\t\t\t\t\t<div class=\"img-inner image-cover box-shadow-2 dark\" style=\"padding-top:100%;\">\n\t\t\t<img loading=\"lazy\" decoding=\"async\" width=\"1020\" height=\"765\" src=\"https:\/\/djoglobal.ch\/wp-content\/uploads\/2024\/04\/formation-loeche-1024x768.jpg\" class=\"attachment-large size-large\" alt=\"\" srcset=\"https:\/\/djoglobal.ch\/wp-content\/uploads\/2024\/04\/formation-loeche-1024x768.jpg 1024w, https:\/\/djoglobal.ch\/wp-content\/uploads\/2024\/04\/formation-loeche-300x225.jpg 300w, https:\/\/djoglobal.ch\/wp-content\/uploads\/2024\/04\/formation-loeche-768x576.jpg 768w, https:\/\/djoglobal.ch\/wp-content\/uploads\/2024\/04\/formation-loeche-1536x1152.jpg 1536w, https:\/\/djoglobal.ch\/wp-content\/uploads\/2024\/04\/formation-loeche-2048x1536.jpg 2048w, https:\/\/djoglobal.ch\/wp-content\/uploads\/2024\/04\/formation-loeche-510x383.jpg 510w\" sizes=\"auto, (max-width: 1020px) 100vw, 1020px\" \/>\t\t\t\t\t\t\n\t\t\t\t\t<\/div>\n\t\t\t\t\t\t\t\t\n<style>\n#image_697139762 {\n  width: 80%;\n}\n<\/style>\n\t<\/div>\n\t\n\n\n\t\t<\/div>\n\t\t\t\t\t<\/div>\n\n\t\n\n<\/div>\n\n\t\t<\/div>\n\n\t\t\n<style>\n#section_1356477628 {\n  padding-top: 60px;\n  padding-bottom: 60px;\n  background-color: rgb(255, 255, 255);\n}\n#section_1356477628 .section-bg-overlay {\n  background-color: rgba(255, 255, 255, 0.85);\n}\n<\/style>\n\t<\/section>\n\t\n\t<section class=\"section\" id=\"section_1863627477\">\n\t\t<div class=\"bg section-bg fill bg-fill  bg-loaded\" >\n\n\t\t\t\n\t\t\t\n\t\t\t\n\n\t\t<\/div>\n\n\t\t\n\n\t\t<div class=\"section-content relative\">\n\t\t\t\n\n<div class=\"row row-large align-center row-divided\"  id=\"row-1504428023\">\n\n\n\t<div id=\"col-1991128793\" class=\"col medium-4 large-4\"  >\n\t\t\t\t<div class=\"col-inner\"  >\n\t\t\t\n\t\t\t\n\n\n\t\t<div class=\"icon-box featured-box icon-box-center text-center\"  style=\"margin:0px 0px 0px 0px;\">\n\t\t\t\t\t<div class=\"icon-box-img\" style=\"width: 60px\">\n\t\t\t\t<div class=\"icon\">\n\t\t\t\t\t<div class=\"icon-inner\" >\n\t\t\t\t\t\t<img loading=\"lazy\" decoding=\"async\" width=\"300\" height=\"300\" src=\"https:\/\/djoglobal.ch\/wp-content\/uploads\/2024\/02\/heart-attack-300x300.png\" class=\"attachment-medium size-medium\" alt=\"\" srcset=\"https:\/\/djoglobal.ch\/wp-content\/uploads\/2024\/02\/heart-attack-300x300.png 300w, https:\/\/djoglobal.ch\/wp-content\/uploads\/2024\/02\/heart-attack-510x510.png 510w, https:\/\/djoglobal.ch\/wp-content\/uploads\/2024\/02\/heart-attack-100x100.png 100w, https:\/\/djoglobal.ch\/wp-content\/uploads\/2024\/02\/heart-attack-150x150.png 150w, https:\/\/djoglobal.ch\/wp-content\/uploads\/2024\/02\/heart-attack.png 512w\" sizes=\"auto, (max-width: 300px) 100vw, 300px\" \/>\t\t\t\t\t<\/div>\n\t\t\t\t<\/div>\n\t\t\t<\/div>\n\t\t\t\t<div class=\"icon-box-text last-reset\">\n\t\t\t<h5 class=\"uppercase\">Noleggio<\/h5>\t\t\t\t\t\t\n\n<p>Noleggiate un'attrezzatura sicura e accogliente: perfezionate la vostra convalescenza e massimizzate l'efficacia delle vostre sedute di fisioterapia.<\/p>\n\n\t\t<\/div>\n\t<\/div>\n\t\n\t\n\n\t\t<\/div>\n\t\t\t\t\t<\/div>\n\n\t\n\n\t<div id=\"col-1395705588\" class=\"col medium-4 large-4\"  >\n\t\t\t\t<div class=\"col-inner\"  >\n\t\t\t\n\t\t\t\n\n\n\t\t<div class=\"icon-box featured-box icon-box-center text-center\"  style=\"margin:0px 0px 0px 0px;\">\n\t\t\t\t\t<div class=\"icon-box-img\" style=\"width: 60px\">\n\t\t\t\t<div class=\"icon\">\n\t\t\t\t\t<div class=\"icon-inner\" >\n\t\t\t\t\t\t<img loading=\"lazy\" decoding=\"async\" width=\"300\" height=\"300\" src=\"https:\/\/djoglobal.ch\/wp-content\/uploads\/2024\/02\/presentation-300x300.png\" class=\"attachment-medium size-medium\" alt=\"\" srcset=\"https:\/\/djoglobal.ch\/wp-content\/uploads\/2024\/02\/presentation-300x300.png 300w, https:\/\/djoglobal.ch\/wp-content\/uploads\/2024\/02\/presentation-510x510.png 510w, https:\/\/djoglobal.ch\/wp-content\/uploads\/2024\/02\/presentation-100x100.png 100w, https:\/\/djoglobal.ch\/wp-content\/uploads\/2024\/02\/presentation-150x150.png 150w, https:\/\/djoglobal.ch\/wp-content\/uploads\/2024\/02\/presentation.png 512w\" sizes=\"auto, (max-width: 300px) 100vw, 300px\" \/>\t\t\t\t\t<\/div>\n\t\t\t\t<\/div>\n\t\t\t<\/div>\n\t\t\t\t<div class=\"icon-box-text last-reset\">\n\t\t\t<h5 class=\"uppercase\">Visita<\/h5>\t\t\t\t\t\t\n\n<p>Scoprite le date dei nostri futuri corsi e i contenuti del programma di formazione per fisioterapisti.<\/p>\n\n\t\t<\/div>\n\t<\/div>\n\t\n\t\n\n\t\t<\/div>\n\t\t\t\t\t<\/div>\n\n\t\n\n\t<div id=\"col-466745331\" class=\"col medium-4 large-4\"  >\n\t\t\t\t<div class=\"col-inner\"  >\n\t\t\t\n\t\t\t\n\n\n\t\t<div class=\"icon-box featured-box icon-box-center text-center\"  style=\"margin:0px 0px 0px 0px;\">\n\t\t\t\t\t<div class=\"icon-box-img\" style=\"width: 60px\">\n\t\t\t\t<div class=\"icon\">\n\t\t\t\t\t<div class=\"icon-inner\" >\n\t\t\t\t\t\t<img loading=\"lazy\" decoding=\"async\" width=\"300\" height=\"300\" src=\"https:\/\/djoglobal.ch\/wp-content\/uploads\/2024\/02\/earth-globe-with-continents-maps-300x300.png\" class=\"attachment-medium size-medium\" alt=\"\" srcset=\"https:\/\/djoglobal.ch\/wp-content\/uploads\/2024\/02\/earth-globe-with-continents-maps-300x300.png 300w, https:\/\/djoglobal.ch\/wp-content\/uploads\/2024\/02\/earth-globe-with-continents-maps-510x510.png 510w, https:\/\/djoglobal.ch\/wp-content\/uploads\/2024\/02\/earth-globe-with-continents-maps-100x100.png 100w, https:\/\/djoglobal.ch\/wp-content\/uploads\/2024\/02\/earth-globe-with-continents-maps-150x150.png 150w, https:\/\/djoglobal.ch\/wp-content\/uploads\/2024\/02\/earth-globe-with-continents-maps.png 512w\" sizes=\"auto, (max-width: 300px) 100vw, 300px\" \/>\t\t\t\t\t<\/div>\n\t\t\t\t<\/div>\n\t\t\t<\/div>\n\t\t\t\t<div class=\"icon-box-text last-reset\">\n\t\t\t<h5 class=\"uppercase\">Distributori<\/h5>\t\t\t\t\t\t\n\n<p>I marchi affiliati a DJO Global in Svizzera sono distribuiti da partner privilegiati e attenti alle esigenze dei clienti.<\/p>\n\n\t\t<\/div>\n\t<\/div>\n\t\n\t\n\n\t\t<\/div>\n\t\t\t\t\t<\/div>\n\n\t\n\n<\/div>\n\n\t\t<\/div>\n\n\t\t\n<style>\n#section_1863627477 {\n  padding-top: 30px;\n  padding-bottom: 30px;\n  background-color: rgb(255, 255, 255);\n}\n<\/style>\n\t<\/section>\n\t\n\n<div class=\"message-box relative dark\" style=\"padding-top:36px;padding-bottom:36px;\"><div class=\"message-box-bg-image bg-fill fill\" ><\/div><div class=\"message-box-bg-overlay bg-fill fill\" style=\"background-color:rgb(200, 16, 46);\"><\/div><div class=\"container relative\"><div class=\"inner last-reset\">\n\n<div class=\"row align-middle\"  id=\"row-670073458\">\n\n\n\t<div id=\"col-2130937197\" class=\"col medium-7 small-12 large-7\"  >\n\t\t\t\t<div class=\"col-inner\"  >\n\t\t\t\n\t\t\t\n\n<h2 class=\"uppercase\"><span style=\"font-size: 90%;\">Fate il primo passo verso il vostro benessere<\/span><\/h2>\n<p>Contattateci oggi stesso per scoprire come le nostre soluzioni possono trasformare il vostro percorso sanitario. Un team di esperti vi aspetta per guidarvi verso una vita pi\u00f9 soddisfacente e priva di dolore.<\/p>\n\t<div id=\"gap-1794071378\" class=\"gap-element clearfix show-for-small\" style=\"display:block; height:auto;\">\n\t\t\n<style>\n#gap-1794071378 {\n  padding-top: 30px;\n}\n<\/style>\n\t<\/div>\n\t\n\n\n\t\t<\/div>\n\t\t\t\t\t<\/div>\n\n\t\n\n\t<div id=\"col-1374582234\" class=\"col medium-5 small-12 large-5\"  >\n\t\t\t\t<div class=\"col-inner text-right\"  >\n\t\t\t\n\t\t\t\n\n<a data-animate=\"flipInY\" href=\"https:\/\/djoglobal.ch\/it\/contatto\/\" class=\"button white is-outline is-larger\"  >\n    <span>Contattateci<\/span>\n  <\/a>\n\n\n\n\t\t<\/div>\n\t\t\t\t\t<\/div>\n\n\t\n\n<\/div>\n\n<\/div><\/div><\/div>\n\n\n","protected":false},"excerpt":{"rendered":"","protected":false},"author":4,"featured_media":0,"parent":0,"menu_order":0,"comment_status":"closed","ping_status":"closed","template":"page-blank.php","meta":{"footnotes":""},"class_list":["post-29176","page","type-page","status-publish","hentry"],"_links":{"self":[{"href":"https:\/\/djoglobal.ch\/it\/wp-json\/wp\/v2\/pages\/29176","targetHints":{"allow":["GET"]}}],"collection":[{"href":"https:\/\/djoglobal.ch\/it\/wp-json\/wp\/v2\/pages"}],"about":[{"href":"https:\/\/djoglobal.ch\/it\/wp-json\/wp\/v2\/types\/page"}],"author":[{"embeddable":true,"href":"https:\/\/djoglobal.ch\/it\/wp-json\/wp\/v2\/users\/4"}],"replies":[{"embeddable":true,"href":"https:\/\/djoglobal.ch\/it\/wp-json\/wp\/v2\/comments?post=29176"}],"version-history":[{"count":5,"href":"https:\/\/djoglobal.ch\/it\/wp-json\/wp\/v2\/pages\/29176\/revisions"}],"predecessor-version":[{"id":31330,"href":"https:\/\/djoglobal.ch\/it\/wp-json\/wp\/v2\/pages\/29176\/revisions\/31330"}],"wp:attachment":[{"href":"https:\/\/djoglobal.ch\/it\/wp-json\/wp\/v2\/media?parent=29176"}],"curies":[{"name":"wp","href":"https:\/\/api.w.org\/{rel}","templated":true}]}}