{"id":30214,"date":"2024-04-12T00:27:40","date_gmt":"2024-04-11T22:27:40","guid":{"rendered":"https:\/\/prod.djoglobal.ch\/?post_type=product&#038;p=30214"},"modified":"2024-04-12T00:51:58","modified_gmt":"2024-04-11T22:51:58","slug":"chattanooga-physio-copie","status":"publish","type":"product","link":"https:\/\/djoglobal.ch\/it\/produit\/chattanooga-physio-copie\/","title":{"rendered":"VITALSTIM\u00ae PLUS"},"content":{"rendered":"<div class=\"row\"  id=\"row-202246443\">\n\n\t<div id=\"col-794650515\" class=\"col small-12 large-12\"  >\n\t\t\t\t<div class=\"col-inner\"  >\n\t\t\t\n\t\t\t\n<p>Chattanooga TENS offre dieci programmi di trattamento preselezionati per alleviare il dolore, tra cui TENS convenzionale, BURST, TENS modulata ad ampiezza di impulso, frequenza mista, Cefar\u00ae Flow TENS e stimolazione per il trattamento della nausea. Il Chattanooga TENS pu\u00f2 essere utilizzato in modalit\u00e0 elettroagopuntura. Si tratta del s<span style=\"color: #333333; font-size: 14.4px;\">olazione ideale per il trattamento domiciliare. Il c<\/span><span style=\"color: #333333; font-size: 14.4px;\">Carica rapida e completa in meno di 90 minuti, per un massimo di 10 ore di trattamento a seconda del tipo di programma e dell&#8217;intensit\u00e0 utilizzata.<\/span><\/p>\n<p><em><strong>Garanzia di 3 anni.<\/strong><\/em><\/p>\n<p>&nbsp;<\/p>\n\t\t<\/div>\n\t\t\t\t\t<\/div>\n\n\t\n<\/div>\n<div class=\"row\"  id=\"row-1080090589\">\n\n\t<div id=\"col-603368473\" class=\"col small-12 large-12\"  >\n\t\t\t\t<div class=\"col-inner\"  >\n\t\t\t\n\t\t\t\n<div class=\"headline no-margin\">\n<h3 style=\"text-align: center;\">Come funziona il noleggio?<\/h3>\n<\/div>\n<p style=\"text-align: center;\">Il medico prescrive l&#8217;assunzione di un dispositivo TENS uroginecologico, specificando la durata e gli obiettivi del trattamento.<\/p>\n<p style=\"text-align: center;\">Il paziente o l&#8217;operatore sanitario compila il modulo d&#8217;ordine online e accetta le condizioni generali di noleggio. Il dispositivo viene quindi inviato al paziente o all&#8217;operatore sanitario.<\/p>\n<a href=\"https:\/\/djoglobal.ch\/wp-content\/uploads\/2024\/03\/COMPEX_Contrat.pdf\" target=\"_blank\" class=\"button primary is-outline is-smaller\" rel=\"noopener\"  >\n    <span>Scarica il contratto (pdf allegato)<\/span>\n  <\/a>\n\n<a href=\"https:\/\/djoglobal.ch\/wp-content\/uploads\/2024\/03\/TENS_Prescription_medicale.pdf\" class=\"button primary is-outline is-smaller\"  >\n    <span>Scarica la prescrizione medica (PDF allegato)<\/span>\n  <\/a>\n\n\t\t<\/div>\n\t\t\t\t\t<\/div>\n\n\t\n<\/div>\n","protected":false},"excerpt":{"rendered":"<p>Chattanooga ha progettato il nuovissimo elettrostimolatore TENS a 2 canali di Chattanooga! \u00c8 consigliata dai fisioterapisti per il trattamento del dolore cronico e per alleviare il dolore. \u00c8 un trattamento senza farmaci, quindi senza effetti collaterali, e ha gi\u00e0 dimostrato la sua efficacia con il suo predecessore, Cefar Primo Pro.<\/p>\n","protected":false},"featured_media":30255,"template":"","meta":[],"product_brand":[],"product_cat":[83,76],"product_tag":[],"class_list":{"0":"post-30214","1":"product","2":"type-product","3":"status-publish","4":"has-post-thumbnail","6":"product_cat-elettroterapia-portatile","7":"product_cat-prodotti","9":"first","10":"instock","11":"taxable","12":"shipping-taxable","13":"product-type-simple"},"_links":{"self":[{"href":"https:\/\/djoglobal.ch\/it\/wp-json\/wp\/v2\/product\/30214","targetHints":{"allow":["GET"]}}],"collection":[{"href":"https:\/\/djoglobal.ch\/it\/wp-json\/wp\/v2\/product"}],"about":[{"href":"https:\/\/djoglobal.ch\/it\/wp-json\/wp\/v2\/types\/product"}],"wp:featuredmedia":[{"embeddable":true,"href":"https:\/\/djoglobal.ch\/it\/wp-json\/wp\/v2\/media\/30255"}],"wp:attachment":[{"href":"https:\/\/djoglobal.ch\/it\/wp-json\/wp\/v2\/media?parent=30214"}],"wp:term":[{"taxonomy":"product_brand","embeddable":true,"href":"https:\/\/djoglobal.ch\/it\/wp-json\/wp\/v2\/product_brand?post=30214"},{"taxonomy":"product_cat","embeddable":true,"href":"https:\/\/djoglobal.ch\/it\/wp-json\/wp\/v2\/product_cat?post=30214"},{"taxonomy":"product_tag","embeddable":true,"href":"https:\/\/djoglobal.ch\/it\/wp-json\/wp\/v2\/product_tag?post=30214"}],"curies":[{"name":"wp","href":"https:\/\/api.w.org\/{rel}","templated":true}]}}